{"id":6643,"date":"2019-05-25T06:37:15","date_gmt":"2019-05-25T04:37:15","guid":{"rendered":"https:\/\/www.socaholidays.com\/o-nas\/"},"modified":"2026-02-23T18:22:42","modified_gmt":"2026-02-23T17:22:42","slug":"o-nas","status":"publish","type":"page","link":"https:\/\/www.socaholidays.com\/sl\/o-nas\/","title":{"rendered":"O nas"},"content":{"rendered":"\t\t<div data-elementor-type=\"wp-post\" data-elementor-id=\"6643\" class=\"elementor elementor-6643 elementor-2963\">\n\t\t\t\t\t\t<section class=\"elementor-section elementor-top-section elementor-element elementor-element-df28050 elementor-section-full_width elementor-section-height-default elementor-section-height-default\" data-id=\"df28050\" data-element_type=\"section\">\n\t\t\t\t\t\t<div class=\"elementor-container elementor-column-gap-default\">\n\t\t\t\t\t<div class=\"elementor-column elementor-col-100 elementor-top-column elementor-element elementor-element-c6c8e17\" data-id=\"c6c8e17\" data-element_type=\"column\">\n\t\t\t<div class=\"elementor-widget-wrap elementor-element-populated\">\n\t\t\t\t\t\t<div class=\"elementor-element elementor-element-41b910b elementor-widget elementor-widget-thim-icon-box\" data-id=\"41b910b\" data-element_type=\"widget\" data-widget_type=\"thim-icon-box.default\">\n\t\t\t\t<div class=\"elementor-widget-container\">\n\t\t\t<div class=\"inner-box auto-hidden\"><div  class=\"wrapper-box-icon text-center   wrapper-line-heading\" ><div class=\"smicon-box iconbox-top\"><div class=\"content-inner\" ><div class=\"sc-heading article_heading\"><h3 class = \"heading__primary\" >Turisti\u010dne nastanitve od leta 2004<\/h3><span class=\"line-heading\"><span><\/span><\/span><\/div><\/div><\/div><!--end smicon-box--><\/div><\/div><style>\n\t.smicon-read:hover{\n\t\tcolor: !important;\n\t\tbackground: !important;\n\t}\n\t.smicon-box .boxes-icon:hover{\n\t\tcolor: !important;\n\t\tborder-color: !important;\n\t\tbackground-color:  !important;\n\t}\n\t.smicon-box .boxes-icon:hover .icon i{\n\t\tcolor: !important;\n\t}\n<\/style>\t\t<\/div>\n\t\t\t\t<\/div>\n\t\t\t\t<div class=\"elementor-element elementor-element-8330b7e elementor-widget elementor-widget-image\" data-id=\"8330b7e\" data-element_type=\"widget\" data-widget_type=\"image.default\">\n\t\t\t\t<div class=\"elementor-widget-container\">\n\t\t\t<style>\/*! elementor - v3.20.0 - 10-04-2024 *\/\n.elementor-widget-image{text-align:center}.elementor-widget-image a{display:inline-block}.elementor-widget-image a img[src$=\".svg\"]{width:48px}.elementor-widget-image img{vertical-align:middle;display:inline-block}<\/style>\t\t\t\t\t\t\t\t\t\t<img fetchpriority=\"high\" decoding=\"async\" width=\"1280\" height=\"579\" src=\"https:\/\/www.socaholidays.com\/wp-content\/uploads\/2015\/09\/IMG_0030-2880w-e1666680667461.webp\" class=\"attachment-full size-full wp-image-5731\" alt=\"\" srcset=\"https:\/\/www.socaholidays.com\/wp-content\/uploads\/2015\/09\/IMG_0030-2880w-e1666680667461.webp 1280w, https:\/\/www.socaholidays.com\/wp-content\/uploads\/2015\/09\/IMG_0030-2880w-e1666680667461-300x136.webp 300w, https:\/\/www.socaholidays.com\/wp-content\/uploads\/2015\/09\/IMG_0030-2880w-e1666680667461-1024x463.webp 1024w, https:\/\/www.socaholidays.com\/wp-content\/uploads\/2015\/09\/IMG_0030-2880w-e1666680667461-768x347.webp 768w\" sizes=\"(max-width: 1280px) 100vw, 1280px\" \/>\t\t\t\t\t\t\t\t\t\t\t\t\t<\/div>\n\t\t\t\t<\/div>\n\t\t\t\t\t<\/div>\n\t\t<\/div>\n\t\t\t\t\t<\/div>\n\t\t<\/section>\n\t\t\t\t<section class=\"elementor-section elementor-top-section elementor-element elementor-element-1c7dc9b elementor-section-full_width elementor-section-height-default elementor-section-height-default\" data-id=\"1c7dc9b\" data-element_type=\"section\">\n\t\t\t\t\t\t<div class=\"elementor-container elementor-column-gap-default\">\n\t\t\t\t\t<div class=\"elementor-column elementor-col-100 elementor-top-column elementor-element elementor-element-b96c893\" data-id=\"b96c893\" data-element_type=\"column\">\n\t\t\t<div class=\"elementor-widget-wrap elementor-element-populated\">\n\t\t\t\t\t\t<div class=\"elementor-element elementor-element-1cd963b elementor-widget elementor-widget-text-editor\" data-id=\"1cd963b\" data-element_type=\"widget\" data-widget_type=\"text-editor.default\">\n\t\t\t\t<div class=\"elementor-widget-container\">\n\t\t\t<style>\/*! elementor - v3.20.0 - 10-04-2024 *\/\n.elementor-widget-text-editor.elementor-drop-cap-view-stacked .elementor-drop-cap{background-color:#69727d;color:#fff}.elementor-widget-text-editor.elementor-drop-cap-view-framed .elementor-drop-cap{color:#69727d;border:3px solid;background-color:transparent}.elementor-widget-text-editor:not(.elementor-drop-cap-view-default) .elementor-drop-cap{margin-top:8px}.elementor-widget-text-editor:not(.elementor-drop-cap-view-default) .elementor-drop-cap-letter{width:1em;height:1em}.elementor-widget-text-editor .elementor-drop-cap{float:left;text-align:center;line-height:1;font-size:50px}.elementor-widget-text-editor .elementor-drop-cap-letter{display:inline-block}<\/style>\t\t\t\t<p><strong>O nas<\/strong><\/p>\n<p>Dobrodo\u0161li na <strong>socaholidays.com<\/strong>, spletni strani, ki jo upravlja <b>Somapro d.o.o.<\/b>, slovensko podjetje, ki sva ga ustanovila <strong>Eduard in Mitja<\/strong>, strokovnjaka z dolgoletnimi izku\u0161njami na podro\u010dju oddajanja turisti\u010dnih nastanitev. Na\u0161e podjetje pomaga lastnikom apartmajev in hi\u0161 vi\u0161je kakovosti, da te uspe\u0161no tr\u017eijo in oddajajo gostom, ki obi\u0161\u010dejo \u010dudovito Dolino So\u010de. \u00bb<b>SocaHolidays<\/b>\u00ab je blagovna znamka, ki jo podjetje Somapro uporablja za marketin\u0161ke potrebe.<\/p>\n<p><strong>Na\u0161a zgodba<\/strong><\/p>\n<p><strong>Eduard <\/strong>in njegova \u017eena <strong>Jana<\/strong> sta se skupaj z otroki leta 2004 preselila iz Nizozemske v So\u0161ko dolino, kjer je Jana pre\u017eivela svoje otro\u0161tvo. Eduard, po izobrazbi psiholog, je predhodno deloval v kadrovskih slu\u017ebah mednarodnih podjetij, Jana pa je priznana umetnica in u\u010diteljica slikarstva. Jana je tudi certificirana nepremi\u010dninska agentka, kar jima omogo\u010da, da poleg urejanja lastnih nepremi\u010dnin svetujeta strankam pri nakupu, prodaji in prenovi nepremi\u010dnin. V njuni lasti so hi\u0161a Mahara\u010d z apartmaji Kolovrat, Matajur in Krn, So\u010da-penthouse ter hi\u0161a Kuninez.<\/p>\n<p><strong>Mitja <\/strong>je odra\u0161\u010dal na Mostu na So\u010di, kjer je njegova dru\u017eina za\u010dela oddajati apartmaje \u017ee leta 1992. Skozi leta je dru\u017eina Taljat na Mostu na So\u010di uredila 3 apartmaje in Mitja je bil vedno bolj aktivno vklju\u010den v njihovo upravljanje. Kot diplomirani ekonomist je vrsto let pridobival mednarodne izku\u0161nje v prodaji in mened\u017ementu v priznanem lokalnem podjetju. Zelo dobro pozna Dolino So\u010de, lokalno skupnost ter slovenske administrativne in upravne postopke.<\/p>\n<p>Mitja se je leta 2021 pridru\u017eil Eduardu pri ustvarjanju podjetja Somapro. Oba verjameva, da je za uspeh v hitro razvijajo\u010di se <strong>industriji upravljanja turisti\u010dnih nastanitev<\/strong> (vacation rental industry) potrebno strokovno delo, u\u010dinkovita organizacija in uporaba najbolj\u0161e razpolo\u017eljive programske opreme ter tehni\u010dnih re\u0161itev.<\/p>\n<p><strong>Na\u0161a ekipa<\/strong><\/p>\n<p><strong>Somapro<\/strong> danes vklju\u010duje strokovnjake z razli\u010dnimi znanji, ki pokrivajo vse vidike poslovanja v turisti\u010dni industriji. Trenutno upravljamo <strong>30 namestitev<\/strong> s skupno <strong>165 le\u017ei\u0161\u010di<\/strong> in letno opravimo <strong>ve\u010d kot 600 rezervacij<\/strong>. Na\u0161a ekipa je predana zagotavljanju visoko kakovostnih storitev lastnikom in gostom.<\/p>\n\t\t\t\t\t\t<\/div>\n\t\t\t\t<\/div>\n\t\t\t\t\t<\/div>\n\t\t<\/div>\n\t\t\t\t\t<\/div>\n\t\t<\/section>\n\t\t\t\t<section class=\"elementor-section elementor-top-section elementor-element elementor-element-f48da4b elementor-section-full_width elementor-section-height-default elementor-section-height-default\" data-id=\"f48da4b\" data-element_type=\"section\">\n\t\t\t\t\t\t<div class=\"elementor-container elementor-column-gap-default\">\n\t\t\t\t\t<div class=\"elementor-column elementor-col-100 elementor-top-column elementor-element elementor-element-9b5e141\" data-id=\"9b5e141\" data-element_type=\"column\">\n\t\t\t<div class=\"elementor-widget-wrap elementor-element-populated\">\n\t\t\t\t\t\t<div class=\"elementor-element elementor-element-6223051 elementor-invisible elementor-widget elementor-widget-button\" data-id=\"6223051\" data-element_type=\"widget\" data-settings=\"{&quot;_animation&quot;:&quot;bounceInRight&quot;}\" data-widget_type=\"button.default\">\n\t\t\t\t<div class=\"elementor-widget-container\">\n\t\t\t\t\t<div class=\"elementor-button-wrapper\">\n\t\t\t<a class=\"elementor-button elementor-button-link elementor-size-lg\" href=\"https:\/\/www.socaholidays.com\/sl\/za-lastnike-turisticnih-nastanitev\/\">\n\t\t\t\t\t\t<span class=\"elementor-button-content-wrapper\">\n\t\t\t\t\t\t<span class=\"elementor-button-text\">Preverite ve\u010d podrobnosti za lastnike apartmajev oz. hi\u0161<\/span>\n\t\t<\/span>\n\t\t\t\t\t<\/a>\n\t\t<\/div>\n\t\t\t\t<\/div>\n\t\t\t\t<\/div>\n\t\t\t\t<div class=\"elementor-element elementor-element-01fa661 elementor-widget elementor-widget-text-editor\" data-id=\"01fa661\" data-element_type=\"widget\" data-widget_type=\"text-editor.default\">\n\t\t\t\t<div class=\"elementor-widget-container\">\n\t\t\t\t\t\t\t<p>&nbsp;<\/p>\n<p>Eduard Stamsnijder in Mitja Taljat<\/p>\n<ul>\n<li>Email: <a href=\"mailto:info@socaholidays.com\">info@socaholidays.com<\/a><\/li>\n<li>Tel\/whatsapp Eduard +386 51 406 400<\/li>\n<li>Tel\/whatsapp Mitja + 386 31 325 913<\/li>\n<\/ul>\n\t\t\t\t\t\t<\/div>\n\t\t\t\t<\/div>\n\t\t\t\t\t<\/div>\n\t\t<\/div>\n\t\t\t\t\t<\/div>\n\t\t<\/section>\n\t\t\t\t<section class=\"elementor-section elementor-top-section elementor-element elementor-element-260b600 elementor-section-stretched thim-bg-overlay elementor-section-boxed elementor-section-height-default elementor-section-height-default\" data-id=\"260b600\" data-element_type=\"section\" data-settings=\"{&quot;stretch_section&quot;:&quot;section-stretched&quot;,&quot;background_background&quot;:&quot;classic&quot;}\">\n\t\t\t\t\t\t<div class=\"elementor-container elementor-column-gap-default\">\n\t\t\t\t\t<div class=\"elementor-column elementor-col-25 elementor-top-column elementor-element elementor-element-50f8be2\" data-id=\"50f8be2\" data-element_type=\"column\">\n\t\t\t<div class=\"elementor-widget-wrap elementor-element-populated\">\n\t\t\t\t\t\t<div class=\"elementor-element elementor-element-704b7c0 elementor-widget elementor-widget-thim-counter-box\" data-id=\"704b7c0\" data-element_type=\"widget\" data-widget_type=\"thim-counter-box.default\">\n\t\t\t\t<div class=\"elementor-widget-container\">\n\t\t\t<div class=\"counter-box \" style=\"color:#ffffff\"><div class=\"counterbox-content\"><div class=\"content-box-percentage\"><span class=\"display-percentage\" data-percentage=\"30\">30<\/span><span class=\"counter-box-content\">nastanitev<\/span><\/div><\/div><\/div>\t\t<\/div>\n\t\t\t\t<\/div>\n\t\t\t\t\t<\/div>\n\t\t<\/div>\n\t\t\t\t<div class=\"elementor-column elementor-col-25 elementor-top-column elementor-element elementor-element-ae48291\" data-id=\"ae48291\" data-element_type=\"column\">\n\t\t\t<div class=\"elementor-widget-wrap elementor-element-populated\">\n\t\t\t\t\t\t<div class=\"elementor-element elementor-element-1e3c138 elementor-widget elementor-widget-thim-counter-box\" data-id=\"1e3c138\" data-element_type=\"widget\" data-widget_type=\"thim-counter-box.default\">\n\t\t\t\t<div class=\"elementor-widget-container\">\n\t\t\t<div class=\"counter-box \" style=\"color:#ffffff\"><div class=\"counterbox-content\"><div class=\"content-box-percentage\"><span class=\"display-percentage\" data-percentage=\"165\">165<\/span><span class=\"counter-box-content\">postelj<\/span><\/div><\/div><\/div>\t\t<\/div>\n\t\t\t\t<\/div>\n\t\t\t\t\t<\/div>\n\t\t<\/div>\n\t\t\t\t<div class=\"elementor-column elementor-col-25 elementor-top-column elementor-element elementor-element-bf6c1a1\" data-id=\"bf6c1a1\" data-element_type=\"column\">\n\t\t\t<div class=\"elementor-widget-wrap elementor-element-populated\">\n\t\t\t\t\t\t<div class=\"elementor-element elementor-element-39328d3 elementor-widget elementor-widget-thim-counter-box\" data-id=\"39328d3\" data-element_type=\"widget\" data-widget_type=\"thim-counter-box.default\">\n\t\t\t\t<div class=\"elementor-widget-container\">\n\t\t\t<div class=\"counter-box \" style=\"color:#ffffff\"><div class=\"counterbox-content\"><div class=\"content-box-percentage\"><span class=\"display-percentage\" data-percentage=\"800\">800<\/span><span class=\"counter-box-content\">rezervacij \/leto<\/span><\/div><\/div><\/div>\t\t<\/div>\n\t\t\t\t<\/div>\n\t\t\t\t\t<\/div>\n\t\t<\/div>\n\t\t\t\t<div class=\"elementor-column elementor-col-25 elementor-top-column elementor-element elementor-element-e3792ac\" data-id=\"e3792ac\" data-element_type=\"column\">\n\t\t\t<div class=\"elementor-widget-wrap elementor-element-populated\">\n\t\t\t\t\t\t<div class=\"elementor-element elementor-element-856a7cb elementor-widget elementor-widget-thim-counter-box\" data-id=\"856a7cb\" data-element_type=\"widget\" data-widget_type=\"thim-counter-box.default\">\n\t\t\t\t<div class=\"elementor-widget-container\">\n\t\t\t<div class=\"counter-box \" style=\"color:#ffffff\"><div class=\"counterbox-content\"><div class=\"content-box-percentage\"><span class=\"display-percentage\" data-percentage=\"30\">30<\/span><span class=\"counter-box-content\">let<\/span><\/div><\/div><\/div>\t\t<\/div>\n\t\t\t\t<\/div>\n\t\t\t\t\t<\/div>\n\t\t<\/div>\n\t\t\t\t\t<\/div>\n\t\t<\/section>\n\t\t\t\t<\/div>\n\t\t","protected":false},"excerpt":{"rendered":"<p>Turisti\u010dne nastanitve od leta 2004<\/p>\n<p>\n\t.smicon-read:hover{<br \/>\n\t\tcolor: !important;<br \/>\n\t\tbackground: !important;<br \/>\n\t}<br \/>\n\t.smicon-box .boxes-icon:hover{<br \/>\n\t\tcolor: !important;<br \/>\n\t\tborder-color: !important;<br \/>\n\t\tbackground-color:  !important;<br \/>\n\t}<br \/>\n\t.smicon-box .boxes-icon:hover .icon i{<br \/>\n\t\tcolor: !important;<br \/>\n\t}<\/p>\n<p>\nO nas<br \/>\nDobrodo\u0161li na socaholidays.com, spletni strani, ki jo upravlja Somapro d.o.o., slovensko podjetje, ki sva ga ustanovila Eduard in Mitja, strokovnjaka z <\/p>\n","protected":false},"author":1,"featured_media":0,"parent":0,"menu_order":0,"comment_status":"closed","ping_status":"closed","template":"","meta":{"_monsterinsights_skip_tracking":false,"_monsterinsights_sitenote_active":false,"_monsterinsights_sitenote_note":"","_monsterinsights_sitenote_category":0,"footnotes":""},"class_list":["post-6643","page","type-page","status-publish","hentry"],"yoast_head":"<!-- This site is optimized with the Yoast SEO plugin v23.4 - https:\/\/yoast.com\/wordpress\/plugins\/seo\/ -->\n<title>O nas - SocaHolidays<\/title>\n<meta name=\"description\" content=\"Na\u0161e podjetje pomaga razli\u010dnim lastnikom pri upravljanju stanovanj in hi\u0161 vi\u0161jega nivoja kakovosti za oddajo v dolini So\u010de.\" \/>\n<meta name=\"robots\" content=\"index, follow, max-snippet:-1, max-image-preview:large, max-video-preview:-1\" \/>\n<link rel=\"canonical\" href=\"https:\/\/www.socaholidays.com\/sl\/o-nas\/\" \/>\n<meta property=\"og:locale\" content=\"sl_SI\" \/>\n<meta property=\"og:type\" content=\"article\" \/>\n<meta property=\"og:title\" content=\"O nas - SocaHolidays\" \/>\n<meta property=\"og:description\" content=\"Na\u0161e podjetje pomaga razli\u010dnim lastnikom pri upravljanju stanovanj in hi\u0161 vi\u0161jega nivoja kakovosti za oddajo v dolini So\u010de.\" \/>\n<meta property=\"og:url\" content=\"https:\/\/www.socaholidays.com\/sl\/o-nas\/\" \/>\n<meta property=\"og:site_name\" content=\"SocaHolidays\" \/>\n<meta property=\"article:publisher\" content=\"https:\/\/www.facebook.com\/rentals.eduard\/\" \/>\n<meta property=\"article:modified_time\" content=\"2026-02-23T17:22:42+00:00\" \/>\n<meta property=\"og:image\" content=\"https:\/\/www.socaholidays.com\/wp-content\/uploads\/2015\/09\/IMG_0030-2880w-e1666680667461.webp\" \/>\n<meta name=\"twitter:card\" content=\"summary_large_image\" \/>\n<meta name=\"twitter:label1\" content=\"Est. reading time\" \/>\n\t<meta name=\"twitter:data1\" content=\"2 minuti\" \/>\n<script type=\"application\/ld+json\" class=\"yoast-schema-graph\">{\"@context\":\"https:\/\/schema.org\",\"@graph\":[{\"@type\":\"WebPage\",\"@id\":\"https:\/\/www.socaholidays.com\/sl\/o-nas\/\",\"url\":\"https:\/\/www.socaholidays.com\/sl\/o-nas\/\",\"name\":\"O nas - SocaHolidays\",\"isPartOf\":{\"@id\":\"https:\/\/www.socaholidays.com\/sl\/#website\"},\"primaryImageOfPage\":{\"@id\":\"https:\/\/www.socaholidays.com\/sl\/o-nas\/#primaryimage\"},\"image\":{\"@id\":\"https:\/\/www.socaholidays.com\/sl\/o-nas\/#primaryimage\"},\"thumbnailUrl\":\"https:\/\/www.socaholidays.com\/wp-content\/uploads\/2015\/09\/IMG_0030-2880w-e1666680667461.webp\",\"datePublished\":\"2019-05-25T04:37:15+00:00\",\"dateModified\":\"2026-02-23T17:22:42+00:00\",\"description\":\"Na\u0161e podjetje pomaga razli\u010dnim lastnikom pri upravljanju stanovanj in hi\u0161 vi\u0161jega nivoja kakovosti za oddajo v dolini So\u010de.\",\"breadcrumb\":{\"@id\":\"https:\/\/www.socaholidays.com\/sl\/o-nas\/#breadcrumb\"},\"inLanguage\":\"sl-SI\",\"potentialAction\":[{\"@type\":\"ReadAction\",\"target\":[\"https:\/\/www.socaholidays.com\/sl\/o-nas\/\"]}]},{\"@type\":\"ImageObject\",\"inLanguage\":\"sl-SI\",\"@id\":\"https:\/\/www.socaholidays.com\/sl\/o-nas\/#primaryimage\",\"url\":\"https:\/\/www.socaholidays.com\/wp-content\/uploads\/2015\/09\/IMG_0030-2880w-e1666680667461.webp\",\"contentUrl\":\"https:\/\/www.socaholidays.com\/wp-content\/uploads\/2015\/09\/IMG_0030-2880w-e1666680667461.webp\"},{\"@type\":\"BreadcrumbList\",\"@id\":\"https:\/\/www.socaholidays.com\/sl\/o-nas\/#breadcrumb\",\"itemListElement\":[{\"@type\":\"ListItem\",\"position\":1,\"name\":\"Domov\",\"item\":\"https:\/\/www.socaholidays.com\/sl\/\"},{\"@type\":\"ListItem\",\"position\":2,\"name\":\"O nas\"}]},{\"@type\":\"WebSite\",\"@id\":\"https:\/\/www.socaholidays.com\/sl\/#website\",\"url\":\"https:\/\/www.socaholidays.com\/sl\/\",\"name\":\"Socaholidays\",\"description\":\"Va\u0161e sanjske po\u010ditnice v Dolini So\u010de!\",\"publisher\":{\"@id\":\"https:\/\/www.socaholidays.com\/sl\/#organization\"},\"potentialAction\":[{\"@type\":\"SearchAction\",\"target\":{\"@type\":\"EntryPoint\",\"urlTemplate\":\"https:\/\/www.socaholidays.com\/sl\/?s={search_term_string}\"},\"query-input\":{\"@type\":\"PropertyValueSpecification\",\"valueRequired\":true,\"valueName\":\"search_term_string\"}}],\"inLanguage\":\"sl-SI\"},{\"@type\":\"Organization\",\"@id\":\"https:\/\/www.socaholidays.com\/sl\/#organization\",\"name\":\"Socaholidays\",\"url\":\"https:\/\/www.socaholidays.com\/sl\/\",\"logo\":{\"@type\":\"ImageObject\",\"inLanguage\":\"sl-SI\",\"@id\":\"https:\/\/www.socaholidays.com\/sl\/#\/schema\/logo\/image\/\",\"url\":\"https:\/\/www.socaholidays.com\/wp-content\/uploads\/2015\/09\/logo1_68_transp.png\",\"contentUrl\":\"https:\/\/www.socaholidays.com\/wp-content\/uploads\/2015\/09\/logo1_68_transp.png\",\"width\":166,\"height\":68,\"caption\":\"Socaholidays\"},\"image\":{\"@id\":\"https:\/\/www.socaholidays.com\/sl\/#\/schema\/logo\/image\/\"},\"sameAs\":[\"https:\/\/www.facebook.com\/rentals.eduard\/\",\"https:\/\/www.instagram.com\/soca_holidays\/\"]}]}<\/script>\n<!-- \/ Yoast SEO plugin. -->","yoast_head_json":{"title":"O nas - SocaHolidays","description":"Na\u0161e podjetje pomaga razli\u010dnim lastnikom pri upravljanju stanovanj in hi\u0161 vi\u0161jega nivoja kakovosti za oddajo v dolini So\u010de.","robots":{"index":"index","follow":"follow","max-snippet":"max-snippet:-1","max-image-preview":"max-image-preview:large","max-video-preview":"max-video-preview:-1"},"canonical":"https:\/\/www.socaholidays.com\/sl\/o-nas\/","og_locale":"sl_SI","og_type":"article","og_title":"O nas - SocaHolidays","og_description":"Na\u0161e podjetje pomaga razli\u010dnim lastnikom pri upravljanju stanovanj in hi\u0161 vi\u0161jega nivoja kakovosti za oddajo v dolini So\u010de.","og_url":"https:\/\/www.socaholidays.com\/sl\/o-nas\/","og_site_name":"SocaHolidays","article_publisher":"https:\/\/www.facebook.com\/rentals.eduard\/","article_modified_time":"2026-02-23T17:22:42+00:00","og_image":[{"url":"https:\/\/www.socaholidays.com\/wp-content\/uploads\/2015\/09\/IMG_0030-2880w-e1666680667461.webp"}],"twitter_card":"summary_large_image","twitter_misc":{"Est. reading time":"2 minuti"},"schema":{"@context":"https:\/\/schema.org","@graph":[{"@type":"WebPage","@id":"https:\/\/www.socaholidays.com\/sl\/o-nas\/","url":"https:\/\/www.socaholidays.com\/sl\/o-nas\/","name":"O nas - SocaHolidays","isPartOf":{"@id":"https:\/\/www.socaholidays.com\/sl\/#website"},"primaryImageOfPage":{"@id":"https:\/\/www.socaholidays.com\/sl\/o-nas\/#primaryimage"},"image":{"@id":"https:\/\/www.socaholidays.com\/sl\/o-nas\/#primaryimage"},"thumbnailUrl":"https:\/\/www.socaholidays.com\/wp-content\/uploads\/2015\/09\/IMG_0030-2880w-e1666680667461.webp","datePublished":"2019-05-25T04:37:15+00:00","dateModified":"2026-02-23T17:22:42+00:00","description":"Na\u0161e podjetje pomaga razli\u010dnim lastnikom pri upravljanju stanovanj in hi\u0161 vi\u0161jega nivoja kakovosti za oddajo v dolini So\u010de.","breadcrumb":{"@id":"https:\/\/www.socaholidays.com\/sl\/o-nas\/#breadcrumb"},"inLanguage":"sl-SI","potentialAction":[{"@type":"ReadAction","target":["https:\/\/www.socaholidays.com\/sl\/o-nas\/"]}]},{"@type":"ImageObject","inLanguage":"sl-SI","@id":"https:\/\/www.socaholidays.com\/sl\/o-nas\/#primaryimage","url":"https:\/\/www.socaholidays.com\/wp-content\/uploads\/2015\/09\/IMG_0030-2880w-e1666680667461.webp","contentUrl":"https:\/\/www.socaholidays.com\/wp-content\/uploads\/2015\/09\/IMG_0030-2880w-e1666680667461.webp"},{"@type":"BreadcrumbList","@id":"https:\/\/www.socaholidays.com\/sl\/o-nas\/#breadcrumb","itemListElement":[{"@type":"ListItem","position":1,"name":"Domov","item":"https:\/\/www.socaholidays.com\/sl\/"},{"@type":"ListItem","position":2,"name":"O nas"}]},{"@type":"WebSite","@id":"https:\/\/www.socaholidays.com\/sl\/#website","url":"https:\/\/www.socaholidays.com\/sl\/","name":"Socaholidays","description":"Va\u0161e sanjske po\u010ditnice v Dolini So\u010de!","publisher":{"@id":"https:\/\/www.socaholidays.com\/sl\/#organization"},"potentialAction":[{"@type":"SearchAction","target":{"@type":"EntryPoint","urlTemplate":"https:\/\/www.socaholidays.com\/sl\/?s={search_term_string}"},"query-input":{"@type":"PropertyValueSpecification","valueRequired":true,"valueName":"search_term_string"}}],"inLanguage":"sl-SI"},{"@type":"Organization","@id":"https:\/\/www.socaholidays.com\/sl\/#organization","name":"Socaholidays","url":"https:\/\/www.socaholidays.com\/sl\/","logo":{"@type":"ImageObject","inLanguage":"sl-SI","@id":"https:\/\/www.socaholidays.com\/sl\/#\/schema\/logo\/image\/","url":"https:\/\/www.socaholidays.com\/wp-content\/uploads\/2015\/09\/logo1_68_transp.png","contentUrl":"https:\/\/www.socaholidays.com\/wp-content\/uploads\/2015\/09\/logo1_68_transp.png","width":166,"height":68,"caption":"Socaholidays"},"image":{"@id":"https:\/\/www.socaholidays.com\/sl\/#\/schema\/logo\/image\/"},"sameAs":["https:\/\/www.facebook.com\/rentals.eduard\/","https:\/\/www.instagram.com\/soca_holidays\/"]}]}},"_links":{"self":[{"href":"https:\/\/www.socaholidays.com\/sl\/wp-json\/wp\/v2\/pages\/6643","targetHints":{"allow":["GET"]}}],"collection":[{"href":"https:\/\/www.socaholidays.com\/sl\/wp-json\/wp\/v2\/pages"}],"about":[{"href":"https:\/\/www.socaholidays.com\/sl\/wp-json\/wp\/v2\/types\/page"}],"author":[{"embeddable":true,"href":"https:\/\/www.socaholidays.com\/sl\/wp-json\/wp\/v2\/users\/1"}],"replies":[{"embeddable":true,"href":"https:\/\/www.socaholidays.com\/sl\/wp-json\/wp\/v2\/comments?post=6643"}],"version-history":[{"count":18,"href":"https:\/\/www.socaholidays.com\/sl\/wp-json\/wp\/v2\/pages\/6643\/revisions"}],"predecessor-version":[{"id":10020,"href":"https:\/\/www.socaholidays.com\/sl\/wp-json\/wp\/v2\/pages\/6643\/revisions\/10020"}],"wp:attachment":[{"href":"https:\/\/www.socaholidays.com\/sl\/wp-json\/wp\/v2\/media?parent=6643"}],"curies":[{"name":"wp","href":"https:\/\/api.w.org\/{rel}","templated":true}]}}