{"id":6627,"date":"2022-11-07T11:31:18","date_gmt":"2022-11-07T10:31:18","guid":{"rendered":"https:\/\/www.socaholidays.com\/rafting-kajakastvo-canyoning-sup\/"},"modified":"2025-07-28T16:17:23","modified_gmt":"2025-07-28T14:17:23","slug":"rafting-kajakastvo-canyoning-sup","status":"publish","type":"page","link":"https:\/\/www.socaholidays.com\/sl\/kaj-videti-in-poceti\/rafting-kajakastvo-canyoning-sup\/","title":{"rendered":"Rafting, kajaka\u0161tvo, canyoning, SUP"},"content":{"rendered":"\t\t<div data-elementor-type=\"wp-page\" data-elementor-id=\"6627\" class=\"elementor elementor-6627 elementor-3735\">\n\t\t\t\t\t\t<section class=\"elementor-section elementor-top-section elementor-element elementor-element-41fba4ce elementor-section-boxed elementor-section-height-default elementor-section-height-default\" data-id=\"41fba4ce\" data-element_type=\"section\">\n\t\t\t\t\t\t<div class=\"elementor-container elementor-column-gap-default\">\n\t\t\t\t\t<div class=\"elementor-column elementor-col-100 elementor-top-column elementor-element elementor-element-46092e72\" data-id=\"46092e72\" data-element_type=\"column\">\n\t\t\t<div class=\"elementor-widget-wrap elementor-element-populated\">\n\t\t\t\t\t\t<div class=\"elementor-element elementor-element-e288600 elementor-widget elementor-widget-text-editor\" data-id=\"e288600\" data-element_type=\"widget\" data-widget_type=\"text-editor.default\">\n\t\t\t\t<div class=\"elementor-widget-container\">\n\t\t\t<style>\/*! elementor - v3.20.0 - 10-04-2024 *\/\n.elementor-widget-text-editor.elementor-drop-cap-view-stacked .elementor-drop-cap{background-color:#69727d;color:#fff}.elementor-widget-text-editor.elementor-drop-cap-view-framed .elementor-drop-cap{color:#69727d;border:3px solid;background-color:transparent}.elementor-widget-text-editor:not(.elementor-drop-cap-view-default) .elementor-drop-cap{margin-top:8px}.elementor-widget-text-editor:not(.elementor-drop-cap-view-default) .elementor-drop-cap-letter{width:1em;height:1em}.elementor-widget-text-editor .elementor-drop-cap{float:left;text-align:center;line-height:1;font-size:50px}.elementor-widget-text-editor .elementor-drop-cap-letter{display:inline-block}<\/style>\t\t\t\t<p>Reka So\u010da ni le ena naj\u010distej\u0161ih in najlep\u0161ih rek v Evropi, s svojim divjim tokom je tudi vrhunska destinacija za adrenalinske vodne \u0161porte, kot so kajaka\u0161tvo, rafting in soteskanje. Njeni \u0161tevilni pritoki ponujajo odli\u010dne pogoje za organizirane turisti\u010dne aktivnosti.\n<\/p>\n<p>\nRafting in soteskanje sta idealni aktivnosti za skupine. Zaradi varnosti je nujno, da te aktivnosti izvajate preko lokalnih \u0161portnih agencij, ki zagotavljajo ustrezno opremo, usposobljene vodnike in skrbijo za va\u0161o varnost. Vse uradne lokalne \u0161portne agencije imajo ustrezna dovoljenja in licenco, \u0161portno opremo ter izku\u0161ene vodnike. Poskrbijo za prevoz na za\u010detno to\u010dko in vas ob koncu aktivnost na lokaciji poberejo z njihovimi kombiji. Ve\u010dino teh aktivnosti se lahko udele\u017eijo tudi otroci, stari sedem let in ve\u010d.\n<\/p>\n<p>\nPoleg razburljivih avantur na divjih rekah si lahko izposodite tudi kajak, kanu ali stoje\u010do vesla\u0161ko desko (SUP) in samostojno razi\u0161\u010dete osve\u017eujo\u010do reko So\u010do na jezeru Most na So\u010di. Najem omogo\u010dajo okoli\u0161ke agencije, ena od njih je So\u010da Pons.<\/p>\n\t\t\t\t\t\t<\/div>\n\t\t\t\t<\/div>\n\t\t\t\t<div class=\"elementor-element elementor-element-85af147 elementor-widget elementor-widget-text-editor\" data-id=\"85af147\" data-element_type=\"widget\" data-widget_type=\"text-editor.default\">\n\t\t\t\t<div class=\"elementor-widget-container\">\n\t\t\t\t\t\t\t<hr \/>\n<p>Do\u017eivite najbolj\u0161e, kar ponuja Dolina So\u010de, s skrbno izbranimi aktivnostmi pri preverjenih lokalnih ponudnikih, z zagotovilom najbolj\u0161e cene.<\/p>\n<p>Izberite \u017eeleni dan in rezervirajte aktivnost. Sporo\u010dite nam, \u010de potrebujete pomo\u010d ali dodatne informacije.<\/p>\n\t\t\t\t\t\t<\/div>\n\t\t\t\t<\/div>\n\t\t\t\t<div class=\"elementor-element elementor-element-d7999c6 elementor-widget elementor-widget-html\" data-id=\"d7999c6\" data-element_type=\"widget\" data-widget_type=\"html.default\">\n\t\t\t\t<div class=\"elementor-widget-container\">\n\t\t\t<script type=\"text\/javascript\" src=\"\/\/dolinasoce.manage.eu1.bookingplatform.app\/lib\/interface--0.js\"><\/script><!-- CHECKFRONT BOOKING PLUGIN v25--><div id=\"CHECKFRONT_WIDGET_01\"><p id=\"CHECKFRONT_LOADER\" style=\"background: url('\/\/dolinasoce.manage.eu1.bookingplatform.app\/images\/loader.gif') left center no-repeat; padding: 5px 5px 5px 20px\">Searching Availability...<\/p><\/div><script>new DROPLET.Widget ({host: 'dolinasoce.manage.eu1.bookingplatform.app',target: 'CHECKFRONT_WIDGET_01',item_id: '5,4,6050,6440,6441',category_id: '2',partner_id: '1328',locale_id: 'sl_SI',options: 'tabs,hidesearch',provider: 'droplet'}).render();<\/script><noscript><a href=\"https:\/\/dolinasoce.manage.eu1.bookingplatform.app\/reserve\/\" style=\"font-size: 16px\">Continue to Secure Booking System &raquo;<\/a><\/noscript>\t\t<\/div>\n\t\t\t\t<\/div>\n\t\t\t\t<div class=\"elementor-element elementor-element-cbe8d28 elementor-widget elementor-widget-video\" data-id=\"cbe8d28\" data-element_type=\"widget\" data-settings=\"{&quot;youtube_url&quot;:&quot;https:\\\/\\\/youtu.be\\\/sBPCLsHX2cE&quot;,&quot;video_type&quot;:&quot;youtube&quot;,&quot;controls&quot;:&quot;yes&quot;}\" data-widget_type=\"video.default\">\n\t\t\t\t<div class=\"elementor-widget-container\">\n\t\t\t<style>\/*! elementor - v3.20.0 - 10-04-2024 *\/\n.elementor-widget-video .elementor-widget-container{overflow:hidden;transform:translateZ(0)}.elementor-widget-video .elementor-wrapper{aspect-ratio:var(--video-aspect-ratio)}.elementor-widget-video .elementor-wrapper iframe,.elementor-widget-video .elementor-wrapper video{height:100%;width:100%;display:flex;border:none;background-color:#000}@supports not (aspect-ratio:1\/1){.elementor-widget-video .elementor-wrapper{position:relative;overflow:hidden;height:0;padding-bottom:calc(100% \/ var(--video-aspect-ratio))}.elementor-widget-video .elementor-wrapper iframe,.elementor-widget-video .elementor-wrapper video{position:absolute;top:0;right:0;bottom:0;left:0}}.elementor-widget-video .elementor-open-inline .elementor-custom-embed-image-overlay{position:absolute;top:0;right:0;bottom:0;left:0;background-size:cover;background-position:50%}.elementor-widget-video .elementor-custom-embed-image-overlay{cursor:pointer;text-align:center}.elementor-widget-video .elementor-custom-embed-image-overlay:hover .elementor-custom-embed-play i{opacity:1}.elementor-widget-video .elementor-custom-embed-image-overlay img{display:block;width:100%;aspect-ratio:var(--video-aspect-ratio);-o-object-fit:cover;object-fit:cover;-o-object-position:center center;object-position:center center}@supports not (aspect-ratio:1\/1){.elementor-widget-video .elementor-custom-embed-image-overlay{position:relative;overflow:hidden;height:0;padding-bottom:calc(100% \/ var(--video-aspect-ratio))}.elementor-widget-video .elementor-custom-embed-image-overlay img{position:absolute;top:0;right:0;bottom:0;left:0}}.elementor-widget-video .e-hosted-video .elementor-video{-o-object-fit:cover;object-fit:cover}.e-con-inner>.elementor-widget-video,.e-con>.elementor-widget-video{width:var(--container-widget-width);--flex-grow:var(--container-widget-flex-grow)}<\/style>\t\t<div class=\"elementor-wrapper elementor-open-inline\">\n\t\t\t<div class=\"elementor-video\"><\/div>\t\t<\/div>\n\t\t\t\t<\/div>\n\t\t\t\t<\/div>\n\t\t\t\t<div class=\"elementor-element elementor-element-7f5e3c4 elementor-widget elementor-widget-video\" data-id=\"7f5e3c4\" data-element_type=\"widget\" data-settings=\"{&quot;youtube_url&quot;:&quot;https:\\\/\\\/youtu.be\\\/aasxbKDLS7Q&quot;,&quot;video_type&quot;:&quot;youtube&quot;,&quot;controls&quot;:&quot;yes&quot;}\" data-widget_type=\"video.default\">\n\t\t\t\t<div class=\"elementor-widget-container\">\n\t\t\t\t\t<div class=\"elementor-wrapper elementor-open-inline\">\n\t\t\t<div class=\"elementor-video\"><\/div>\t\t<\/div>\n\t\t\t\t<\/div>\n\t\t\t\t<\/div>\n\t\t\t\t<div class=\"elementor-element elementor-element-a3ff34f elementor-widget thim-widget-gallery-images\" data-id=\"a3ff34f\" data-element_type=\"widget\" data-widget_type=\"thim-gallery-image.default\">\n\t\t\t\t<div class=\"elementor-widget-container\">\n\t\t\t<div class=\"thim-gallery-images owl-carousel gallery-img\"><div class=\"item\"><img fetchpriority=\"high\" src =\"https:\/\/www.socaholidays.com\/wp-content\/uploads\/2019\/10\/Rafting_-_Andra___Krpi__-1536x1024.webp\" width=\"1536\" height=\"1024\" alt= \"Rafting, kajaka\u0161tvo, canyoning, SUP\" \/><\/div><div class=\"item\"><img src =\"https:\/\/www.socaholidays.com\/wp-content\/uploads\/2019\/10\/kajak__reka_So__a_-_Ale___Fon-1536x1025.webp\" width=\"1536\" height=\"1025\" alt= \"Rafting, kajaka\u0161tvo, canyoning, SUP\" \/><\/div><div class=\"item\"><img src =\"https:\/\/www.socaholidays.com\/wp-content\/uploads\/2019\/10\/So__a_kajak_Nea_Culpa_Jost_Gantar__primerno_za_druzine_-1536x864.webp\" width=\"1536\" height=\"864\" alt= \"Rafting, kajaka\u0161tvo, canyoning, SUP\" \/><\/div><div class=\"item\"><img loading=\"lazy\" src =\"https:\/\/www.socaholidays.com\/wp-content\/uploads\/2019\/10\/Soteskanje_Kozjak_1_Kobarid_Ziga_Humar__adrenalinska_dozivetja_-1536x864.webp\" width=\"1536\" height=\"864\" alt= \"Rafting, kajaka\u0161tvo, canyoning, SUP\" \/><\/div><div class=\"item\"><img loading=\"lazy\" src =\"https:\/\/www.socaholidays.com\/wp-content\/uploads\/2019\/10\/So__a_kajak_Nea_Culpa_Jost_Gantar__na_vodi_-1536x864.webp\" width=\"1536\" height=\"864\" alt= \"Rafting, kajaka\u0161tvo, canyoning, SUP\" \/><\/div><div class=\"item\"><img loading=\"lazy\" src =\"https:\/\/www.socaholidays.com\/wp-content\/uploads\/2019\/10\/Soteskanje_Globoski_potok_6_Zaga_Ziga_Humar-1536x1026.webp\" width=\"1536\" height=\"1026\" alt= \"Rafting, kajaka\u0161tvo, canyoning, SUP\" \/><\/div><div class=\"item\"><img loading=\"lazy\" src =\"https:\/\/www.socaholidays.com\/wp-content\/uploads\/2019\/10\/kajak_reka-so__a_Ale__-Fon-1536x1026.webp\" width=\"1536\" height=\"1026\" alt= \"Rafting, kajaka\u0161tvo, canyoning, SUP\" \/><\/div><div class=\"item\"><img loading=\"lazy\" src =\"https:\/\/www.socaholidays.com\/wp-content\/uploads\/2019\/10\/Dolina_Soce_2019_Jost_Gantar_IZBOR__reke_in_jezera_-1536x864.webp\" width=\"1536\" height=\"864\" alt= \"Rafting, kajaka\u0161tvo, canyoning, SUP\" \/><\/div><div class=\"item\"><img loading=\"lazy\" src =\"https:\/\/www.socaholidays.com\/wp-content\/uploads\/2019\/10\/SUP_-_Nea-Culpa-za-Expo-2015-1536x1052.webp\" width=\"1536\" height=\"1052\" alt= \"Rafting, kajaka\u0161tvo, canyoning, SUP\" \/><\/div><\/div>\t\t<\/div>\n\t\t\t\t<\/div>\n\t\t\t\t\t<\/div>\n\t\t<\/div>\n\t\t\t\t\t<\/div>\n\t\t<\/section>\n\t\t\t\t<\/div>\n\t\t","protected":false},"excerpt":{"rendered":"<p>Reka So\u010da ni le ena naj\u010distej\u0161ih in najlep\u0161ih rek v Evropi, s svojim divjim tokom je tudi vrhunska destinacija za adrenalinske vodne \u0161porte, kot so kajaka\u0161tvo, rafting in soteskanje. Njeni \u0161tevilni pritoki ponujajo odli\u010dne pogoje za organizirane turisti\u010dne aktivnosti.<\/p>\n<p>\nRafting in soteskanje sta idealni aktivnosti za skupine. Zaradi varnosti je nujno, da te <\/p>\n","protected":false},"author":1,"featured_media":0,"parent":6639,"menu_order":0,"comment_status":"closed","ping_status":"closed","template":"","meta":{"_monsterinsights_skip_tracking":false,"_monsterinsights_sitenote_active":false,"_monsterinsights_sitenote_note":"","_monsterinsights_sitenote_category":0,"footnotes":""},"class_list":["post-6627","page","type-page","status-publish","hentry"],"yoast_head":"<!-- This site is optimized with the Yoast SEO plugin v23.4 - https:\/\/yoast.com\/wordpress\/plugins\/seo\/ -->\n<title>Rafting, kajaka\u0161tvo, canyoning, SUP - SocaHolidays<\/title>\n<meta name=\"description\" content=\"Rafting, kajak, canyoning v dolini So\u010de, ki je ena naj\u010distej\u0161ih in najlep\u0161ih rek v Evropi, vrhunska za adrenalinske vodne \u0161porte.\" \/>\n<meta name=\"robots\" content=\"index, follow, max-snippet:-1, max-image-preview:large, max-video-preview:-1\" \/>\n<link rel=\"canonical\" href=\"https:\/\/www.socaholidays.com\/sl\/kaj-videti-in-poceti\/rafting-kajakastvo-canyoning-sup\/\" \/>\n<meta property=\"og:locale\" content=\"sl_SI\" \/>\n<meta property=\"og:type\" content=\"article\" \/>\n<meta property=\"og:title\" content=\"Rafting, kajaka\u0161tvo, canyoning, SUP - SocaHolidays\" \/>\n<meta property=\"og:description\" content=\"Rafting, kajak, canyoning v dolini So\u010de, ki je ena naj\u010distej\u0161ih in najlep\u0161ih rek v Evropi, vrhunska za adrenalinske vodne \u0161porte.\" \/>\n<meta property=\"og:url\" content=\"https:\/\/www.socaholidays.com\/sl\/kaj-videti-in-poceti\/rafting-kajakastvo-canyoning-sup\/\" \/>\n<meta property=\"og:site_name\" content=\"SocaHolidays\" \/>\n<meta property=\"article:publisher\" content=\"https:\/\/www.facebook.com\/rentals.eduard\/\" \/>\n<meta property=\"article:modified_time\" content=\"2025-07-28T14:17:23+00:00\" \/>\n<meta property=\"og:image\" content=\"https:\/\/www.socaholidays.com\/wp-content\/uploads\/2015\/09\/logo1_web_transp.png\" \/>\n\t<meta property=\"og:image:width\" content=\"146\" \/>\n\t<meta property=\"og:image:height\" content=\"60\" \/>\n\t<meta property=\"og:image:type\" content=\"image\/png\" \/>\n<meta name=\"twitter:card\" content=\"summary_large_image\" \/>\n<meta name=\"twitter:label1\" content=\"Est. reading time\" \/>\n\t<meta name=\"twitter:data1\" content=\"3 minute\" \/>\n<script type=\"application\/ld+json\" class=\"yoast-schema-graph\">{\"@context\":\"https:\/\/schema.org\",\"@graph\":[{\"@type\":\"WebPage\",\"@id\":\"https:\/\/www.socaholidays.com\/sl\/kaj-videti-in-poceti\/rafting-kajakastvo-canyoning-sup\/\",\"url\":\"https:\/\/www.socaholidays.com\/sl\/kaj-videti-in-poceti\/rafting-kajakastvo-canyoning-sup\/\",\"name\":\"Rafting, kajaka\u0161tvo, canyoning, SUP - SocaHolidays\",\"isPartOf\":{\"@id\":\"https:\/\/www.socaholidays.com\/sl\/#website\"},\"datePublished\":\"2022-11-07T10:31:18+00:00\",\"dateModified\":\"2025-07-28T14:17:23+00:00\",\"description\":\"Rafting, kajak, canyoning v dolini So\u010de, ki je ena naj\u010distej\u0161ih in najlep\u0161ih rek v Evropi, vrhunska za adrenalinske vodne \u0161porte.\",\"breadcrumb\":{\"@id\":\"https:\/\/www.socaholidays.com\/sl\/kaj-videti-in-poceti\/rafting-kajakastvo-canyoning-sup\/#breadcrumb\"},\"inLanguage\":\"sl-SI\",\"potentialAction\":[{\"@type\":\"ReadAction\",\"target\":[\"https:\/\/www.socaholidays.com\/sl\/kaj-videti-in-poceti\/rafting-kajakastvo-canyoning-sup\/\"]}]},{\"@type\":\"BreadcrumbList\",\"@id\":\"https:\/\/www.socaholidays.com\/sl\/kaj-videti-in-poceti\/rafting-kajakastvo-canyoning-sup\/#breadcrumb\",\"itemListElement\":[{\"@type\":\"ListItem\",\"position\":1,\"name\":\"Domov\",\"item\":\"https:\/\/www.socaholidays.com\/sl\/\"},{\"@type\":\"ListItem\",\"position\":2,\"name\":\"Aktivnosti\",\"item\":\"https:\/\/www.socaholidays.com\/sl\/kaj-videti-in-poceti\/\"},{\"@type\":\"ListItem\",\"position\":3,\"name\":\"Rafting, kajaka\u0161tvo, canyoning, SUP\"}]},{\"@type\":\"WebSite\",\"@id\":\"https:\/\/www.socaholidays.com\/sl\/#website\",\"url\":\"https:\/\/www.socaholidays.com\/sl\/\",\"name\":\"Socaholidays\",\"description\":\"Va\u0161e sanjske po\u010ditnice v Dolini So\u010de!\",\"publisher\":{\"@id\":\"https:\/\/www.socaholidays.com\/sl\/#organization\"},\"potentialAction\":[{\"@type\":\"SearchAction\",\"target\":{\"@type\":\"EntryPoint\",\"urlTemplate\":\"https:\/\/www.socaholidays.com\/sl\/?s={search_term_string}\"},\"query-input\":{\"@type\":\"PropertyValueSpecification\",\"valueRequired\":true,\"valueName\":\"search_term_string\"}}],\"inLanguage\":\"sl-SI\"},{\"@type\":\"Organization\",\"@id\":\"https:\/\/www.socaholidays.com\/sl\/#organization\",\"name\":\"Socaholidays\",\"url\":\"https:\/\/www.socaholidays.com\/sl\/\",\"logo\":{\"@type\":\"ImageObject\",\"inLanguage\":\"sl-SI\",\"@id\":\"https:\/\/www.socaholidays.com\/sl\/#\/schema\/logo\/image\/\",\"url\":\"https:\/\/www.socaholidays.com\/wp-content\/uploads\/2015\/09\/logo1_68_transp.png\",\"contentUrl\":\"https:\/\/www.socaholidays.com\/wp-content\/uploads\/2015\/09\/logo1_68_transp.png\",\"width\":166,\"height\":68,\"caption\":\"Socaholidays\"},\"image\":{\"@id\":\"https:\/\/www.socaholidays.com\/sl\/#\/schema\/logo\/image\/\"},\"sameAs\":[\"https:\/\/www.facebook.com\/rentals.eduard\/\",\"https:\/\/www.instagram.com\/soca_holidays\/\"]}]}<\/script>\n<!-- \/ Yoast SEO plugin. -->","yoast_head_json":{"title":"Rafting, kajaka\u0161tvo, canyoning, SUP - SocaHolidays","description":"Rafting, kajak, canyoning v dolini So\u010de, ki je ena naj\u010distej\u0161ih in najlep\u0161ih rek v Evropi, vrhunska za adrenalinske vodne \u0161porte.","robots":{"index":"index","follow":"follow","max-snippet":"max-snippet:-1","max-image-preview":"max-image-preview:large","max-video-preview":"max-video-preview:-1"},"canonical":"https:\/\/www.socaholidays.com\/sl\/kaj-videti-in-poceti\/rafting-kajakastvo-canyoning-sup\/","og_locale":"sl_SI","og_type":"article","og_title":"Rafting, kajaka\u0161tvo, canyoning, SUP - SocaHolidays","og_description":"Rafting, kajak, canyoning v dolini So\u010de, ki je ena naj\u010distej\u0161ih in najlep\u0161ih rek v Evropi, vrhunska za adrenalinske vodne \u0161porte.","og_url":"https:\/\/www.socaholidays.com\/sl\/kaj-videti-in-poceti\/rafting-kajakastvo-canyoning-sup\/","og_site_name":"SocaHolidays","article_publisher":"https:\/\/www.facebook.com\/rentals.eduard\/","article_modified_time":"2025-07-28T14:17:23+00:00","og_image":[{"width":146,"height":60,"url":"https:\/\/www.socaholidays.com\/wp-content\/uploads\/2015\/09\/logo1_web_transp.png","type":"image\/png"}],"twitter_card":"summary_large_image","twitter_misc":{"Est. reading time":"3 minute"},"schema":{"@context":"https:\/\/schema.org","@graph":[{"@type":"WebPage","@id":"https:\/\/www.socaholidays.com\/sl\/kaj-videti-in-poceti\/rafting-kajakastvo-canyoning-sup\/","url":"https:\/\/www.socaholidays.com\/sl\/kaj-videti-in-poceti\/rafting-kajakastvo-canyoning-sup\/","name":"Rafting, kajaka\u0161tvo, canyoning, SUP - SocaHolidays","isPartOf":{"@id":"https:\/\/www.socaholidays.com\/sl\/#website"},"datePublished":"2022-11-07T10:31:18+00:00","dateModified":"2025-07-28T14:17:23+00:00","description":"Rafting, kajak, canyoning v dolini So\u010de, ki je ena naj\u010distej\u0161ih in najlep\u0161ih rek v Evropi, vrhunska za adrenalinske vodne \u0161porte.","breadcrumb":{"@id":"https:\/\/www.socaholidays.com\/sl\/kaj-videti-in-poceti\/rafting-kajakastvo-canyoning-sup\/#breadcrumb"},"inLanguage":"sl-SI","potentialAction":[{"@type":"ReadAction","target":["https:\/\/www.socaholidays.com\/sl\/kaj-videti-in-poceti\/rafting-kajakastvo-canyoning-sup\/"]}]},{"@type":"BreadcrumbList","@id":"https:\/\/www.socaholidays.com\/sl\/kaj-videti-in-poceti\/rafting-kajakastvo-canyoning-sup\/#breadcrumb","itemListElement":[{"@type":"ListItem","position":1,"name":"Domov","item":"https:\/\/www.socaholidays.com\/sl\/"},{"@type":"ListItem","position":2,"name":"Aktivnosti","item":"https:\/\/www.socaholidays.com\/sl\/kaj-videti-in-poceti\/"},{"@type":"ListItem","position":3,"name":"Rafting, kajaka\u0161tvo, canyoning, SUP"}]},{"@type":"WebSite","@id":"https:\/\/www.socaholidays.com\/sl\/#website","url":"https:\/\/www.socaholidays.com\/sl\/","name":"Socaholidays","description":"Va\u0161e sanjske po\u010ditnice v Dolini So\u010de!","publisher":{"@id":"https:\/\/www.socaholidays.com\/sl\/#organization"},"potentialAction":[{"@type":"SearchAction","target":{"@type":"EntryPoint","urlTemplate":"https:\/\/www.socaholidays.com\/sl\/?s={search_term_string}"},"query-input":{"@type":"PropertyValueSpecification","valueRequired":true,"valueName":"search_term_string"}}],"inLanguage":"sl-SI"},{"@type":"Organization","@id":"https:\/\/www.socaholidays.com\/sl\/#organization","name":"Socaholidays","url":"https:\/\/www.socaholidays.com\/sl\/","logo":{"@type":"ImageObject","inLanguage":"sl-SI","@id":"https:\/\/www.socaholidays.com\/sl\/#\/schema\/logo\/image\/","url":"https:\/\/www.socaholidays.com\/wp-content\/uploads\/2015\/09\/logo1_68_transp.png","contentUrl":"https:\/\/www.socaholidays.com\/wp-content\/uploads\/2015\/09\/logo1_68_transp.png","width":166,"height":68,"caption":"Socaholidays"},"image":{"@id":"https:\/\/www.socaholidays.com\/sl\/#\/schema\/logo\/image\/"},"sameAs":["https:\/\/www.facebook.com\/rentals.eduard\/","https:\/\/www.instagram.com\/soca_holidays\/"]}]}},"_links":{"self":[{"href":"https:\/\/www.socaholidays.com\/sl\/wp-json\/wp\/v2\/pages\/6627","targetHints":{"allow":["GET"]}}],"collection":[{"href":"https:\/\/www.socaholidays.com\/sl\/wp-json\/wp\/v2\/pages"}],"about":[{"href":"https:\/\/www.socaholidays.com\/sl\/wp-json\/wp\/v2\/types\/page"}],"author":[{"embeddable":true,"href":"https:\/\/www.socaholidays.com\/sl\/wp-json\/wp\/v2\/users\/1"}],"replies":[{"embeddable":true,"href":"https:\/\/www.socaholidays.com\/sl\/wp-json\/wp\/v2\/comments?post=6627"}],"version-history":[{"count":10,"href":"https:\/\/www.socaholidays.com\/sl\/wp-json\/wp\/v2\/pages\/6627\/revisions"}],"predecessor-version":[{"id":9650,"href":"https:\/\/www.socaholidays.com\/sl\/wp-json\/wp\/v2\/pages\/6627\/revisions\/9650"}],"up":[{"embeddable":true,"href":"https:\/\/www.socaholidays.com\/sl\/wp-json\/wp\/v2\/pages\/6639"}],"wp:attachment":[{"href":"https:\/\/www.socaholidays.com\/sl\/wp-json\/wp\/v2\/media?parent=6627"}],"curies":[{"name":"wp","href":"https:\/\/api.w.org\/{rel}","templated":true}]}}