{"id":7944,"date":"2022-10-22T08:30:50","date_gmt":"2022-10-22T06:30:50","guid":{"rendered":"https:\/\/www.socaholidays.com\/sehenswuerdigkeiten-und-unternehmungen\/tagesausfluege\/"},"modified":"2024-10-10T15:50:17","modified_gmt":"2024-10-10T13:50:17","slug":"tagesausfluege","status":"publish","type":"page","link":"https:\/\/www.socaholidays.com\/de\/sehenswuerdigkeiten-und-unternehmungen\/tagesausfluege\/","title":{"rendered":"Tagesausfl\u00fcge"},"content":{"rendered":"\t\t<div data-elementor-type=\"wp-page\" data-elementor-id=\"7944\" class=\"elementor elementor-7944 elementor-2\">\n\t\t\t\t\t\t<section class=\"elementor-section elementor-top-section elementor-element elementor-element-41fba4ce elementor-section-boxed elementor-section-height-default elementor-section-height-default\" data-id=\"41fba4ce\" data-element_type=\"section\">\n\t\t\t\t\t\t<div class=\"elementor-container elementor-column-gap-default\">\n\t\t\t\t\t<div class=\"elementor-column elementor-col-100 elementor-top-column elementor-element elementor-element-46092e72\" data-id=\"46092e72\" data-element_type=\"column\">\n\t\t\t<div class=\"elementor-widget-wrap elementor-element-populated\">\n\t\t\t\t\t\t<div class=\"elementor-element elementor-element-e288600 elementor-widget elementor-widget-text-editor\" data-id=\"e288600\" data-element_type=\"widget\" data-widget_type=\"text-editor.default\">\n\t\t\t\t<div class=\"elementor-widget-container\">\n\t\t\t<style>\/*! elementor - v3.20.0 - 10-04-2024 *\/\n.elementor-widget-text-editor.elementor-drop-cap-view-stacked .elementor-drop-cap{background-color:#69727d;color:#fff}.elementor-widget-text-editor.elementor-drop-cap-view-framed .elementor-drop-cap{color:#69727d;border:3px solid;background-color:transparent}.elementor-widget-text-editor:not(.elementor-drop-cap-view-default) .elementor-drop-cap{margin-top:8px}.elementor-widget-text-editor:not(.elementor-drop-cap-view-default) .elementor-drop-cap-letter{width:1em;height:1em}.elementor-widget-text-editor .elementor-drop-cap{float:left;text-align:center;line-height:1;font-size:50px}.elementor-widget-text-editor .elementor-drop-cap-letter{display:inline-block}<\/style>\t\t\t\t<p>Man kann viele interessante Tagesausfl\u00fcge unternehmen:<\/p>\r\n<ul>\r\n<li><a href=\"https:\/\/www.slovenia.info\/en\/places-to-go\/attractions\/soca-valley\" target=\"_blank\" rel=\"noopener\">So\u010da-Tal<\/a><\/li>\r\n<li><a href=\"https:\/\/www.cividale.com\/\" target=\"_blank\" rel=\"noopener\">Cividale&nbsp;<\/a><\/li>\r\n<li><a href=\"https:\/\/www.postojnska-jama.eu\/\" target=\"_blank\" rel=\"noopener\">Postojna-H\u00f6hle<\/a><\/li>\r\n<li><a href=\"https:\/\/www.brda.si\/\" target=\"_blank\" rel=\"noopener\">Weinbau in Gori\u0161ka Brda<\/a><\/li>\r\n<li><a href=\"https:\/\/www.visitljubljana.com\/\" target=\"_blank\" rel=\"noopener\">Ljubljana, die Hauptstadt Sloweniens<\/a><\/li>\r\n<li><a href=\"https:\/\/archive-culture.si\/en\/Idrija_Mine_Museum\" target=\"_blank\" rel=\"noopener\">Bergbaumuseum in Idrija<\/a><\/li>\r\n<li><a href=\"https:\/\/www.pb-franja.si\/\" target=\"_blank\" rel=\"noopener\">Partisanenlazarett Franja<\/a><\/li>\r\n<li><a href=\"http:\/\/sentviska-planota.si\/\" target=\"_blank\" rel=\"noopener\">Sentviska Planota<\/a><\/li>\r\n<li><a href=\"https:\/www.trieste.com\/\" target=\"_blank\" rel=\"noopener\">Triest<\/a><\/li>\r\n<li><a href=\"https:\/\/www.visitvenezia.eu\/\" target=\"_blank\" rel=\"noopener\">Venedig<\/a><\/li>\r\n<li><a href=\"http:\/\/www.bled.si\/\" target=\"_blank\" rel=\"noopener\">Bled<\/a><\/li>\r\n<li><a href=\"https:\/\/www.bohinj.si\/\" target=\"_blank\" rel=\"noopener\">Bohinj<\/a><\/li>\r\n<li>und viele weitere \u2013 fragen Sie bei unseren freundlichen Gastgebern nach Tipps<\/li>\r\n<\/ul>\t\t\t\t\t\t<\/div>\n\t\t\t\t<\/div>\n\t\t\t\t<div class=\"elementor-element elementor-element-5b105ab elementor-widget elementor-widget-image\" data-id=\"5b105ab\" data-element_type=\"widget\" data-widget_type=\"image.default\">\n\t\t\t\t<div class=\"elementor-widget-container\">\n\t\t\t<style>\/*! elementor - v3.20.0 - 10-04-2024 *\/\n.elementor-widget-image{text-align:center}.elementor-widget-image a{display:inline-block}.elementor-widget-image a img[src$=\".svg\"]{width:48px}.elementor-widget-image img{vertical-align:middle;display:inline-block}<\/style>\t\t\t\t\t\t\t\t\t\t<img fetchpriority=\"high\" decoding=\"async\" width=\"1106\" height=\"829\" src=\"https:\/\/www.socaholidays.com\/wp-content\/uploads\/2019\/10\/IMG-0008-2880w.webp\" class=\"attachment-full size-full wp-image-7027\" alt=\"\" srcset=\"https:\/\/www.socaholidays.com\/wp-content\/uploads\/2019\/10\/IMG-0008-2880w.webp 1106w, https:\/\/www.socaholidays.com\/wp-content\/uploads\/2019\/10\/IMG-0008-2880w-300x225.webp 300w, https:\/\/www.socaholidays.com\/wp-content\/uploads\/2019\/10\/IMG-0008-2880w-1024x768.webp 1024w, https:\/\/www.socaholidays.com\/wp-content\/uploads\/2019\/10\/IMG-0008-2880w-768x576.webp 768w\" sizes=\"(max-width: 1106px) 100vw, 1106px\" \/>\t\t\t\t\t\t\t\t\t\t\t\t\t<\/div>\n\t\t\t\t<\/div>\n\t\t\t\t<div class=\"elementor-element elementor-element-7c1105e elementor-widget elementor-widget-text-editor\" data-id=\"7c1105e\" data-element_type=\"widget\" data-widget_type=\"text-editor.default\">\n\t\t\t\t<div class=\"elementor-widget-container\">\n\t\t\t\t\t\t\t<p>Versuchen Sie einen 2-t\u00e4gigen Ausflug auf den Gipfel des Triglav, des h\u00f6chsten Berges Sloweniens. Sehen Sie hier das Foto eines sehr stolzen Vaters mit seinen sch\u00f6nen und sehr (!) tapferen Kindern&#8230;<\/p>\n<p>Bitte kontaktieren Sie uns oder die \u00f6rtlichen Tourismusb\u00fcros f\u00fcr weitere Informationen. Die Anzahl der wunderbaren Tagesausfl\u00fcge und anderen Aktivit\u00e4ten ist so gro\u00df, dass es schwierig ist, sie auf einer einzigen Seite abzudecken.<\/p>\n\t\t\t\t\t\t<\/div>\n\t\t\t\t<\/div>\n\t\t\t\t<div class=\"elementor-element elementor-element-148dfc3 elementor-widget elementor-widget-video\" data-id=\"148dfc3\" data-element_type=\"widget\" data-settings=\"{&quot;youtube_url&quot;:&quot;https:\\\/\\\/youtu.be\\\/lqDMR32jb98&quot;,&quot;video_type&quot;:&quot;youtube&quot;,&quot;controls&quot;:&quot;yes&quot;}\" data-widget_type=\"video.default\">\n\t\t\t\t<div class=\"elementor-widget-container\">\n\t\t\t<style>\/*! elementor - v3.20.0 - 10-04-2024 *\/\n.elementor-widget-video .elementor-widget-container{overflow:hidden;transform:translateZ(0)}.elementor-widget-video .elementor-wrapper{aspect-ratio:var(--video-aspect-ratio)}.elementor-widget-video .elementor-wrapper iframe,.elementor-widget-video .elementor-wrapper video{height:100%;width:100%;display:flex;border:none;background-color:#000}@supports not (aspect-ratio:1\/1){.elementor-widget-video .elementor-wrapper{position:relative;overflow:hidden;height:0;padding-bottom:calc(100% \/ var(--video-aspect-ratio))}.elementor-widget-video .elementor-wrapper iframe,.elementor-widget-video .elementor-wrapper video{position:absolute;top:0;right:0;bottom:0;left:0}}.elementor-widget-video .elementor-open-inline .elementor-custom-embed-image-overlay{position:absolute;top:0;right:0;bottom:0;left:0;background-size:cover;background-position:50%}.elementor-widget-video .elementor-custom-embed-image-overlay{cursor:pointer;text-align:center}.elementor-widget-video .elementor-custom-embed-image-overlay:hover .elementor-custom-embed-play i{opacity:1}.elementor-widget-video .elementor-custom-embed-image-overlay img{display:block;width:100%;aspect-ratio:var(--video-aspect-ratio);-o-object-fit:cover;object-fit:cover;-o-object-position:center center;object-position:center center}@supports not (aspect-ratio:1\/1){.elementor-widget-video .elementor-custom-embed-image-overlay{position:relative;overflow:hidden;height:0;padding-bottom:calc(100% \/ var(--video-aspect-ratio))}.elementor-widget-video .elementor-custom-embed-image-overlay img{position:absolute;top:0;right:0;bottom:0;left:0}}.elementor-widget-video .e-hosted-video .elementor-video{-o-object-fit:cover;object-fit:cover}.e-con-inner>.elementor-widget-video,.e-con>.elementor-widget-video{width:var(--container-widget-width);--flex-grow:var(--container-widget-flex-grow)}<\/style>\t\t<div class=\"elementor-wrapper elementor-open-inline\">\n\t\t\t<div class=\"elementor-video\"><\/div>\t\t<\/div>\n\t\t\t\t<\/div>\n\t\t\t\t<\/div>\n\t\t\t\t<div class=\"elementor-element elementor-element-a3ff34f elementor-widget thim-widget-gallery-images\" data-id=\"a3ff34f\" data-element_type=\"widget\" data-widget_type=\"thim-gallery-image.default\">\n\t\t\t\t<div class=\"elementor-widget-container\">\n\t\t\t<div class=\"thim-gallery-images owl-carousel gallery-img\"><div class=\"item\"><img src =\"https:\/\/www.socaholidays.com\/wp-content\/uploads\/2019\/10\/Sentviska_planota__Paolo_Petrignani__4_-1536x1020.webp\" width=\"1536\" height=\"1020\" alt= \"Tagesausfl\u00fcge\" \/><\/div><div class=\"item\"><img src =\"https:\/\/www.socaholidays.com\/wp-content\/uploads\/2019\/10\/Kolesarjenje-Kobarid-napoleonov-most-Uros__-Svigelj-1536x1021.webp\" width=\"1536\" height=\"1021\" alt= \"Tagesausfl\u00fcge\" \/><\/div><div class=\"item\"><img loading=\"lazy\" src =\"https:\/\/www.socaholidays.com\/wp-content\/uploads\/2019\/10\/Javorca-Gorazd_Kutin-1536x1536.webp\" width=\"1536\" height=\"1536\" alt= \"Tagesausfl\u00fcge\" \/><\/div><div class=\"item\"><img loading=\"lazy\" src =\"https:\/\/www.socaholidays.com\/wp-content\/uploads\/2019\/10\/mengorew-1536x1150.webp\" width=\"1536\" height=\"1150\" alt= \"Tagesausfl\u00fcge\" \/><\/div><div class=\"item\"><img loading=\"lazy\" src =\"https:\/\/www.socaholidays.com\/wp-content\/uploads\/2019\/10\/Bovska_kotlina-David_Stulc_Zornik-1536x1018.webp\" width=\"1536\" height=\"1018\" alt= \"Tagesausfl\u00fcge\" \/><\/div><\/div>\t\t<\/div>\n\t\t\t\t<\/div>\n\t\t\t\t\t<\/div>\n\t\t<\/div>\n\t\t\t\t\t<\/div>\n\t\t<\/section>\n\t\t\t\t<\/div>\n\t\t","protected":false},"excerpt":{"rendered":"<p>Man kann viele interessante Tagesausfl\u00fcge unternehmen:<\/p>\n<p>So\u010da-Tal<br \/>\nCividale\u00a0<br \/>\nPostojna-H\u00f6hle<br \/>\nWeinbau in Gori\u0161ka Brda<br \/>\nLjubljana, die Hauptstadt Sloweniens<br \/>\nBergbaumuseum in Idrija<br \/>\nPartisanenlazarett Franja<br \/>\nSentviska Planota<br \/>\nTriest<br \/>\nVenedig<br \/>\nBled<br \/>\nBohinj<br \/>\nund viele weitere \u2013 fragen Sie bei unseren freundlichen Gastgebern nach Tipps<\/p>\n<p>\/*! elementor &#8211; v3.20.0 &#8211; 10-04-2024 *\/<br \/>\n.elementor-widget-image{text-align:center}.elementor-widget-image a{display:inline-block}.elementor-widget-image a img[src$=&#8220;.svg&#8220;]{width:48px}.elementor-widget-image img{vertical-align:middle;display:inline-block}<br \/>\n<br \n<\/p>\n","protected":false},"author":1,"featured_media":0,"parent":7908,"menu_order":0,"comment_status":"closed","ping_status":"closed","template":"","meta":{"_monsterinsights_skip_tracking":false,"_monsterinsights_sitenote_active":false,"_monsterinsights_sitenote_note":"","_monsterinsights_sitenote_category":0,"footnotes":""},"class_list":["post-7944","page","type-page","status-publish","hentry"],"yoast_head":"<!-- This site is optimized with the Yoast SEO plugin v23.4 - https:\/\/yoast.com\/wordpress\/plugins\/seo\/ -->\n<title>Tagesausfl\u00fcge im So\u010da-Tal - Socaholidays<\/title>\n<meta name=\"description\" content=\"Das So\u010da-Tal bietet eine Vielzahl von Tagesausfl\u00fcgen f\u00fcr Sie oder Ihre Familie. Erleben Sie einen perfekten Aufenthalt.\" \/>\n<meta name=\"robots\" content=\"index, follow, max-snippet:-1, max-image-preview:large, max-video-preview:-1\" \/>\n<link rel=\"canonical\" href=\"https:\/\/www.socaholidays.com\/de\/sehenswuerdigkeiten-und-unternehmungen\/tagesausfluege\/\" \/>\n<meta property=\"og:locale\" content=\"de_DE\" \/>\n<meta property=\"og:type\" content=\"article\" \/>\n<meta property=\"og:title\" content=\"Tagesausfl\u00fcge im So\u010da-Tal - Socaholidays\" \/>\n<meta property=\"og:description\" content=\"Das So\u010da-Tal bietet eine Vielzahl von Tagesausfl\u00fcgen f\u00fcr Sie oder Ihre Familie. Erleben Sie einen perfekten Aufenthalt.\" \/>\n<meta property=\"og:url\" content=\"https:\/\/www.socaholidays.com\/de\/sehenswuerdigkeiten-und-unternehmungen\/tagesausfluege\/\" \/>\n<meta property=\"og:site_name\" content=\"SocaHolidays\" \/>\n<meta property=\"article:publisher\" content=\"https:\/\/www.facebook.com\/rentals.eduard\/\" \/>\n<meta property=\"article:modified_time\" content=\"2024-10-10T13:50:17+00:00\" \/>\n<meta property=\"og:image\" content=\"https:\/\/www.socaholidays.com\/wp-content\/uploads\/2019\/10\/IMG-0008-2880w.webp\" \/>\n<meta name=\"twitter:card\" content=\"summary_large_image\" \/>\n<meta name=\"twitter:label1\" content=\"Gesch\u00e4tzte Lesezeit\" \/>\n\t<meta name=\"twitter:data1\" content=\"2\u00a0Minuten\" \/>\n<script type=\"application\/ld+json\" class=\"yoast-schema-graph\">{\"@context\":\"https:\/\/schema.org\",\"@graph\":[{\"@type\":\"WebPage\",\"@id\":\"https:\/\/www.socaholidays.com\/de\/sehenswuerdigkeiten-und-unternehmungen\/tagesausfluege\/\",\"url\":\"https:\/\/www.socaholidays.com\/de\/sehenswuerdigkeiten-und-unternehmungen\/tagesausfluege\/\",\"name\":\"Tagesausfl\u00fcge im So\u010da-Tal - Socaholidays\",\"isPartOf\":{\"@id\":\"https:\/\/www.socaholidays.com\/de\/#website\"},\"primaryImageOfPage\":{\"@id\":\"https:\/\/www.socaholidays.com\/de\/sehenswuerdigkeiten-und-unternehmungen\/tagesausfluege\/#primaryimage\"},\"image\":{\"@id\":\"https:\/\/www.socaholidays.com\/de\/sehenswuerdigkeiten-und-unternehmungen\/tagesausfluege\/#primaryimage\"},\"thumbnailUrl\":\"https:\/\/www.socaholidays.com\/wp-content\/uploads\/2019\/10\/IMG-0008-2880w.webp\",\"datePublished\":\"2022-10-22T06:30:50+00:00\",\"dateModified\":\"2024-10-10T13:50:17+00:00\",\"description\":\"Das So\u010da-Tal bietet eine Vielzahl von Tagesausfl\u00fcgen f\u00fcr Sie oder Ihre Familie. Erleben Sie einen perfekten Aufenthalt.\",\"breadcrumb\":{\"@id\":\"https:\/\/www.socaholidays.com\/de\/sehenswuerdigkeiten-und-unternehmungen\/tagesausfluege\/#breadcrumb\"},\"inLanguage\":\"de\",\"potentialAction\":[{\"@type\":\"ReadAction\",\"target\":[\"https:\/\/www.socaholidays.com\/de\/sehenswuerdigkeiten-und-unternehmungen\/tagesausfluege\/\"]}]},{\"@type\":\"ImageObject\",\"inLanguage\":\"de\",\"@id\":\"https:\/\/www.socaholidays.com\/de\/sehenswuerdigkeiten-und-unternehmungen\/tagesausfluege\/#primaryimage\",\"url\":\"https:\/\/www.socaholidays.com\/wp-content\/uploads\/2019\/10\/IMG-0008-2880w.webp\",\"contentUrl\":\"https:\/\/www.socaholidays.com\/wp-content\/uploads\/2019\/10\/IMG-0008-2880w.webp\"},{\"@type\":\"BreadcrumbList\",\"@id\":\"https:\/\/www.socaholidays.com\/de\/sehenswuerdigkeiten-und-unternehmungen\/tagesausfluege\/#breadcrumb\",\"itemListElement\":[{\"@type\":\"ListItem\",\"position\":1,\"name\":\"Domov\",\"item\":\"https:\/\/www.socaholidays.com\/de\/\"},{\"@type\":\"ListItem\",\"position\":2,\"name\":\"Aktivit\u00e4ten\",\"item\":\"https:\/\/www.socaholidays.com\/de\/sehenswuerdigkeiten-und-unternehmungen\/\"},{\"@type\":\"ListItem\",\"position\":3,\"name\":\"Tagesausfl\u00fcge\"}]},{\"@type\":\"WebSite\",\"@id\":\"https:\/\/www.socaholidays.com\/de\/#website\",\"url\":\"https:\/\/www.socaholidays.com\/de\/\",\"name\":\"Socaholidays\",\"description\":\"Ihr Traumurlaub im So\u010da-Tal!\",\"publisher\":{\"@id\":\"https:\/\/www.socaholidays.com\/de\/#organization\"},\"potentialAction\":[{\"@type\":\"SearchAction\",\"target\":{\"@type\":\"EntryPoint\",\"urlTemplate\":\"https:\/\/www.socaholidays.com\/de\/?s={search_term_string}\"},\"query-input\":{\"@type\":\"PropertyValueSpecification\",\"valueRequired\":true,\"valueName\":\"search_term_string\"}}],\"inLanguage\":\"de\"},{\"@type\":\"Organization\",\"@id\":\"https:\/\/www.socaholidays.com\/de\/#organization\",\"name\":\"Socaholidays\",\"url\":\"https:\/\/www.socaholidays.com\/de\/\",\"logo\":{\"@type\":\"ImageObject\",\"inLanguage\":\"de\",\"@id\":\"https:\/\/www.socaholidays.com\/de\/#\/schema\/logo\/image\/\",\"url\":\"https:\/\/www.socaholidays.com\/wp-content\/uploads\/2015\/09\/logo1_68_transp.png\",\"contentUrl\":\"https:\/\/www.socaholidays.com\/wp-content\/uploads\/2015\/09\/logo1_68_transp.png\",\"width\":166,\"height\":68,\"caption\":\"Socaholidays\"},\"image\":{\"@id\":\"https:\/\/www.socaholidays.com\/de\/#\/schema\/logo\/image\/\"},\"sameAs\":[\"https:\/\/www.facebook.com\/rentals.eduard\/\",\"https:\/\/www.instagram.com\/soca_holidays\/\"]}]}<\/script>\n<!-- \/ Yoast SEO plugin. -->","yoast_head_json":{"title":"Tagesausfl\u00fcge im So\u010da-Tal - Socaholidays","description":"Das So\u010da-Tal bietet eine Vielzahl von Tagesausfl\u00fcgen f\u00fcr Sie oder Ihre Familie. Erleben Sie einen perfekten Aufenthalt.","robots":{"index":"index","follow":"follow","max-snippet":"max-snippet:-1","max-image-preview":"max-image-preview:large","max-video-preview":"max-video-preview:-1"},"canonical":"https:\/\/www.socaholidays.com\/de\/sehenswuerdigkeiten-und-unternehmungen\/tagesausfluege\/","og_locale":"de_DE","og_type":"article","og_title":"Tagesausfl\u00fcge im So\u010da-Tal - Socaholidays","og_description":"Das So\u010da-Tal bietet eine Vielzahl von Tagesausfl\u00fcgen f\u00fcr Sie oder Ihre Familie. Erleben Sie einen perfekten Aufenthalt.","og_url":"https:\/\/www.socaholidays.com\/de\/sehenswuerdigkeiten-und-unternehmungen\/tagesausfluege\/","og_site_name":"SocaHolidays","article_publisher":"https:\/\/www.facebook.com\/rentals.eduard\/","article_modified_time":"2024-10-10T13:50:17+00:00","og_image":[{"url":"https:\/\/www.socaholidays.com\/wp-content\/uploads\/2019\/10\/IMG-0008-2880w.webp"}],"twitter_card":"summary_large_image","twitter_misc":{"Gesch\u00e4tzte Lesezeit":"2\u00a0Minuten"},"schema":{"@context":"https:\/\/schema.org","@graph":[{"@type":"WebPage","@id":"https:\/\/www.socaholidays.com\/de\/sehenswuerdigkeiten-und-unternehmungen\/tagesausfluege\/","url":"https:\/\/www.socaholidays.com\/de\/sehenswuerdigkeiten-und-unternehmungen\/tagesausfluege\/","name":"Tagesausfl\u00fcge im So\u010da-Tal - Socaholidays","isPartOf":{"@id":"https:\/\/www.socaholidays.com\/de\/#website"},"primaryImageOfPage":{"@id":"https:\/\/www.socaholidays.com\/de\/sehenswuerdigkeiten-und-unternehmungen\/tagesausfluege\/#primaryimage"},"image":{"@id":"https:\/\/www.socaholidays.com\/de\/sehenswuerdigkeiten-und-unternehmungen\/tagesausfluege\/#primaryimage"},"thumbnailUrl":"https:\/\/www.socaholidays.com\/wp-content\/uploads\/2019\/10\/IMG-0008-2880w.webp","datePublished":"2022-10-22T06:30:50+00:00","dateModified":"2024-10-10T13:50:17+00:00","description":"Das So\u010da-Tal bietet eine Vielzahl von Tagesausfl\u00fcgen f\u00fcr Sie oder Ihre Familie. Erleben Sie einen perfekten Aufenthalt.","breadcrumb":{"@id":"https:\/\/www.socaholidays.com\/de\/sehenswuerdigkeiten-und-unternehmungen\/tagesausfluege\/#breadcrumb"},"inLanguage":"de","potentialAction":[{"@type":"ReadAction","target":["https:\/\/www.socaholidays.com\/de\/sehenswuerdigkeiten-und-unternehmungen\/tagesausfluege\/"]}]},{"@type":"ImageObject","inLanguage":"de","@id":"https:\/\/www.socaholidays.com\/de\/sehenswuerdigkeiten-und-unternehmungen\/tagesausfluege\/#primaryimage","url":"https:\/\/www.socaholidays.com\/wp-content\/uploads\/2019\/10\/IMG-0008-2880w.webp","contentUrl":"https:\/\/www.socaholidays.com\/wp-content\/uploads\/2019\/10\/IMG-0008-2880w.webp"},{"@type":"BreadcrumbList","@id":"https:\/\/www.socaholidays.com\/de\/sehenswuerdigkeiten-und-unternehmungen\/tagesausfluege\/#breadcrumb","itemListElement":[{"@type":"ListItem","position":1,"name":"Domov","item":"https:\/\/www.socaholidays.com\/de\/"},{"@type":"ListItem","position":2,"name":"Aktivit\u00e4ten","item":"https:\/\/www.socaholidays.com\/de\/sehenswuerdigkeiten-und-unternehmungen\/"},{"@type":"ListItem","position":3,"name":"Tagesausfl\u00fcge"}]},{"@type":"WebSite","@id":"https:\/\/www.socaholidays.com\/de\/#website","url":"https:\/\/www.socaholidays.com\/de\/","name":"Socaholidays","description":"Ihr Traumurlaub im So\u010da-Tal!","publisher":{"@id":"https:\/\/www.socaholidays.com\/de\/#organization"},"potentialAction":[{"@type":"SearchAction","target":{"@type":"EntryPoint","urlTemplate":"https:\/\/www.socaholidays.com\/de\/?s={search_term_string}"},"query-input":{"@type":"PropertyValueSpecification","valueRequired":true,"valueName":"search_term_string"}}],"inLanguage":"de"},{"@type":"Organization","@id":"https:\/\/www.socaholidays.com\/de\/#organization","name":"Socaholidays","url":"https:\/\/www.socaholidays.com\/de\/","logo":{"@type":"ImageObject","inLanguage":"de","@id":"https:\/\/www.socaholidays.com\/de\/#\/schema\/logo\/image\/","url":"https:\/\/www.socaholidays.com\/wp-content\/uploads\/2015\/09\/logo1_68_transp.png","contentUrl":"https:\/\/www.socaholidays.com\/wp-content\/uploads\/2015\/09\/logo1_68_transp.png","width":166,"height":68,"caption":"Socaholidays"},"image":{"@id":"https:\/\/www.socaholidays.com\/de\/#\/schema\/logo\/image\/"},"sameAs":["https:\/\/www.facebook.com\/rentals.eduard\/","https:\/\/www.instagram.com\/soca_holidays\/"]}]}},"_links":{"self":[{"href":"https:\/\/www.socaholidays.com\/de\/wp-json\/wp\/v2\/pages\/7944","targetHints":{"allow":["GET"]}}],"collection":[{"href":"https:\/\/www.socaholidays.com\/de\/wp-json\/wp\/v2\/pages"}],"about":[{"href":"https:\/\/www.socaholidays.com\/de\/wp-json\/wp\/v2\/types\/page"}],"author":[{"embeddable":true,"href":"https:\/\/www.socaholidays.com\/de\/wp-json\/wp\/v2\/users\/1"}],"replies":[{"embeddable":true,"href":"https:\/\/www.socaholidays.com\/de\/wp-json\/wp\/v2\/comments?post=7944"}],"version-history":[{"count":2,"href":"https:\/\/www.socaholidays.com\/de\/wp-json\/wp\/v2\/pages\/7944\/revisions"}],"predecessor-version":[{"id":8356,"href":"https:\/\/www.socaholidays.com\/de\/wp-json\/wp\/v2\/pages\/7944\/revisions\/8356"}],"up":[{"embeddable":true,"href":"https:\/\/www.socaholidays.com\/de\/wp-json\/wp\/v2\/pages\/7908"}],"wp:attachment":[{"href":"https:\/\/www.socaholidays.com\/de\/wp-json\/wp\/v2\/media?parent=7944"}],"curies":[{"name":"wp","href":"https:\/\/api.w.org\/{rel}","templated":true}]}}