{"id":7940,"date":"2022-11-07T10:51:13","date_gmt":"2022-11-07T09:51:13","guid":{"rendered":"https:\/\/www.socaholidays.com\/sehenswuerdigkeiten-und-unternehmungen\/wandern\/"},"modified":"2025-07-28T16:16:44","modified_gmt":"2025-07-28T14:16:44","slug":"wandern","status":"publish","type":"page","link":"https:\/\/www.socaholidays.com\/de\/sehenswuerdigkeiten-und-unternehmungen\/wandern\/","title":{"rendered":"Wandern"},"content":{"rendered":"\t\t<div data-elementor-type=\"wp-page\" data-elementor-id=\"7940\" class=\"elementor elementor-7940 elementor-3673\">\n\t\t\t\t\t\t<section class=\"elementor-section elementor-top-section elementor-element elementor-element-41fba4ce elementor-section-boxed elementor-section-height-default elementor-section-height-default\" data-id=\"41fba4ce\" data-element_type=\"section\">\n\t\t\t\t\t\t<div class=\"elementor-container elementor-column-gap-default\">\n\t\t\t\t\t<div class=\"elementor-column elementor-col-100 elementor-top-column elementor-element elementor-element-46092e72\" data-id=\"46092e72\" data-element_type=\"column\">\n\t\t\t<div class=\"elementor-widget-wrap elementor-element-populated\">\n\t\t\t\t\t\t<div class=\"elementor-element elementor-element-e288600 elementor-widget elementor-widget-text-editor\" data-id=\"e288600\" data-element_type=\"widget\" data-widget_type=\"text-editor.default\">\n\t\t\t\t<div class=\"elementor-widget-container\">\n\t\t\t<style>\/*! elementor - v3.20.0 - 10-04-2024 *\/\n.elementor-widget-text-editor.elementor-drop-cap-view-stacked .elementor-drop-cap{background-color:#69727d;color:#fff}.elementor-widget-text-editor.elementor-drop-cap-view-framed .elementor-drop-cap{color:#69727d;border:3px solid;background-color:transparent}.elementor-widget-text-editor:not(.elementor-drop-cap-view-default) .elementor-drop-cap{margin-top:8px}.elementor-widget-text-editor:not(.elementor-drop-cap-view-default) .elementor-drop-cap-letter{width:1em;height:1em}.elementor-widget-text-editor .elementor-drop-cap{float:left;text-align:center;line-height:1;font-size:50px}.elementor-widget-text-editor .elementor-drop-cap-letter{display:inline-block}<\/style>\t\t\t\t<p>Das So\u010datal und der Triglav-Nationalpark sind ein wahres Paradies f\u00fcr Wanderer. Sie bieten zahlreiche malerische Wanderwege, die durch W\u00e4lder und Schluchten, vorbei an D\u00f6rfern und kulturellen sowie historischen Sehensw\u00fcrdigkeiten zu vielen wundersch\u00f6nen Wasserf\u00e4llen f\u00fchren.<\/p>\n<p>\nF\u00fcr l\u00e4ngere Wanderungen k\u00f6nnen Sie den Wegen im Triglav-Nationalpark folgen, wo zahlreiche Bergh\u00fctten auf Sie warten, in denen Sie essen, sich ausruhen und \u00fcbernachten k\u00f6nnen. Zu den bekanntesten, gut beschilderten Wegen geh\u00f6ren der Slowenische Wanderweg, die Juliana, die Via Alpina, der Friedensweg, der Alte Grenzweg, der Europ\u00e4ische Fernwanderweg E7 und der Alpe-Adria-Trail. In der Umgebung von Most na So\u010di gibt es auch einen Heilweg entlang der So\u010da, der Gebiete mit energetischen Heilpunkten umfasst.<\/p>\n<p>\nBrosch\u00fcren mit Informationen zu allen Wegen finden Sie in den Ferienh\u00e4usern und Apartments oder online. Jedes Jahr im Oktober findet im So\u010da-Tal auch das gut besuchte Wander-Festival statt.<\/p>\n<p><\/p>\n\t\t\t\t\t\t<\/div>\n\t\t\t\t<\/div>\n\t\t\t\t<div class=\"elementor-element elementor-element-81352b0 elementor-widget elementor-widget-text-editor\" data-id=\"81352b0\" data-element_type=\"widget\" data-widget_type=\"text-editor.default\">\n\t\t\t\t<div class=\"elementor-widget-container\">\n\t\t\t\t\t\t\t<hr \/>\n<p>Erleben Sie das So\u010da-Tal von seiner sch\u00f6nsten Seite mit sorgf\u00e4ltig ausgew\u00e4hlten Aktivit\u00e4ten qualifizierter lokaler Anbieter \u2013 garantiert zum besten Preis.<\/p>\n<p>W\u00e4hlen Sie Ihren Wunschtag und buchen Sie Ihre Aktivit\u00e4t. Bei Fragen oder Fragen kontaktieren Sie uns gerne.<\/p>\n\t\t\t\t\t\t<\/div>\n\t\t\t\t<\/div>\n\t\t\t\t<div class=\"elementor-element elementor-element-500fade elementor-widget elementor-widget-html\" data-id=\"500fade\" data-element_type=\"widget\" data-widget_type=\"html.default\">\n\t\t\t\t<div class=\"elementor-widget-container\">\n\t\t\t<script type=\"text\/javascript\" src=\"\/\/dolinasoce.manage.eu1.bookingplatform.app\/lib\/interface--0.js\"><\/script><!-- CHECKFRONT BOOKING PLUGIN v25--><div id=\"CHECKFRONT_WIDGET_01\"><p id=\"CHECKFRONT_LOADER\" style=\"background: url('\/\/dolinasoce.manage.eu1.bookingplatform.app\/images\/loader.gif') left center no-repeat; padding: 5px 5px 5px 20px\">Searching Availability...<\/p><\/div><script>new DROPLET.Widget ({host: 'dolinasoce.manage.eu1.bookingplatform.app',target: 'CHECKFRONT_WIDGET_01',item_id: '11',category_id: '2',partner_id: '1328',options: 'tabs,hidesearch',provider: 'droplet'}).render();<\/script><noscript><a href=\"https:\/\/dolinasoce.manage.eu1.bookingplatform.app\/reserve\/\" style=\"font-size: 16px\">Continue to Secure Booking System &raquo;<\/a><\/noscript>\t\t<\/div>\n\t\t\t\t<\/div>\n\t\t\t\t<div class=\"elementor-element elementor-element-c7d4700 elementor-widget elementor-widget-video\" data-id=\"c7d4700\" data-element_type=\"widget\" data-settings=\"{&quot;youtube_url&quot;:&quot;https:\\\/\\\/youtu.be\\\/6Wx2bcHekMY&quot;,&quot;video_type&quot;:&quot;youtube&quot;,&quot;controls&quot;:&quot;yes&quot;}\" data-widget_type=\"video.default\">\n\t\t\t\t<div class=\"elementor-widget-container\">\n\t\t\t<style>\/*! elementor - v3.20.0 - 10-04-2024 *\/\n.elementor-widget-video .elementor-widget-container{overflow:hidden;transform:translateZ(0)}.elementor-widget-video .elementor-wrapper{aspect-ratio:var(--video-aspect-ratio)}.elementor-widget-video .elementor-wrapper iframe,.elementor-widget-video .elementor-wrapper video{height:100%;width:100%;display:flex;border:none;background-color:#000}@supports not (aspect-ratio:1\/1){.elementor-widget-video .elementor-wrapper{position:relative;overflow:hidden;height:0;padding-bottom:calc(100% \/ var(--video-aspect-ratio))}.elementor-widget-video .elementor-wrapper iframe,.elementor-widget-video .elementor-wrapper video{position:absolute;top:0;right:0;bottom:0;left:0}}.elementor-widget-video .elementor-open-inline .elementor-custom-embed-image-overlay{position:absolute;top:0;right:0;bottom:0;left:0;background-size:cover;background-position:50%}.elementor-widget-video .elementor-custom-embed-image-overlay{cursor:pointer;text-align:center}.elementor-widget-video .elementor-custom-embed-image-overlay:hover .elementor-custom-embed-play i{opacity:1}.elementor-widget-video .elementor-custom-embed-image-overlay img{display:block;width:100%;aspect-ratio:var(--video-aspect-ratio);-o-object-fit:cover;object-fit:cover;-o-object-position:center center;object-position:center center}@supports not (aspect-ratio:1\/1){.elementor-widget-video .elementor-custom-embed-image-overlay{position:relative;overflow:hidden;height:0;padding-bottom:calc(100% \/ var(--video-aspect-ratio))}.elementor-widget-video .elementor-custom-embed-image-overlay img{position:absolute;top:0;right:0;bottom:0;left:0}}.elementor-widget-video .e-hosted-video .elementor-video{-o-object-fit:cover;object-fit:cover}.e-con-inner>.elementor-widget-video,.e-con>.elementor-widget-video{width:var(--container-widget-width);--flex-grow:var(--container-widget-flex-grow)}<\/style>\t\t<div class=\"elementor-wrapper elementor-open-inline\">\n\t\t\t<div class=\"elementor-video\"><\/div>\t\t<\/div>\n\t\t\t\t<\/div>\n\t\t\t\t<\/div>\n\t\t\t\t<div class=\"elementor-element elementor-element-a3ff34f elementor-widget thim-widget-gallery-images\" data-id=\"a3ff34f\" data-element_type=\"widget\" data-widget_type=\"thim-gallery-image.default\">\n\t\t\t\t<div class=\"elementor-widget-container\">\n\t\t\t<div class=\"thim-gallery-images owl-carousel gallery-img\"><div class=\"item\"><img fetchpriority=\"high\" src =\"https:\/\/www.socaholidays.com\/wp-content\/uploads\/2019\/10\/Dolina_Soce_Alpe-Adria-Trail_Jost_Gantar-1536x1024.webp\" width=\"1536\" height=\"1024\" alt= \"Wandern\" \/><\/div><div class=\"item\"><img src =\"https:\/\/www.socaholidays.com\/wp-content\/uploads\/2019\/10\/Festival_Pohodnistva-Javorca-Ziga_Koren-220813-0118-1536x1024.webp\" width=\"1536\" height=\"1024\" alt= \"Wandern\" \/><\/div><div class=\"item\"><img src =\"https:\/\/www.socaholidays.com\/wp-content\/uploads\/2019\/10\/Pohodnistvo-Dolina_Soce-Jost_Gantar-_129_-1536x1024.webp\" width=\"1536\" height=\"1024\" alt= \"Wandern\" \/><\/div><div class=\"item\"><img loading=\"lazy\" src =\"https:\/\/www.socaholidays.com\/wp-content\/uploads\/2019\/10\/Pohodnistvo-Jost_Gantar-_74_-1536x1024.webp\" width=\"1536\" height=\"1024\" alt= \"Wandern\" \/><\/div><div class=\"item\"><img loading=\"lazy\" src =\"https:\/\/www.socaholidays.com\/wp-content\/uploads\/2019\/10\/Dolina_Soc__e_Od_reke_do_neba_Jost_Gantar-_6_-1536x1024.webp\" width=\"1536\" height=\"1024\" alt= \"Wandern\" \/><\/div><\/div>\t\t<\/div>\n\t\t\t\t<\/div>\n\t\t\t\t\t<\/div>\n\t\t<\/div>\n\t\t\t\t\t<\/div>\n\t\t<\/section>\n\t\t\t\t<\/div>\n\t\t","protected":false},"excerpt":{"rendered":"<p>Das So\u010datal und der Triglav-Nationalpark sind ein wahres Paradies f\u00fcr Wanderer. Sie bieten zahlreiche malerische Wanderwege, die durch W\u00e4lder und Schluchten, vorbei an D\u00f6rfern und kulturellen sowie historischen Sehensw\u00fcrdigkeiten zu vielen wundersch\u00f6nen Wasserf\u00e4llen f\u00fchren.<\/p>\n<p>F\u00fcr l\u00e4ngere Wanderungen k\u00f6nnen Sie den Wegen im Triglav-Nationalpark folgen, wo zahlreiche Bergh\u00fctten auf Sie warten, in denen Sie essen, <\/p>\n","protected":false},"author":1,"featured_media":0,"parent":7908,"menu_order":0,"comment_status":"closed","ping_status":"closed","template":"","meta":{"_monsterinsights_skip_tracking":false,"_monsterinsights_sitenote_active":false,"_monsterinsights_sitenote_note":"","_monsterinsights_sitenote_category":0,"footnotes":""},"class_list":["post-7940","page","type-page","status-publish","hentry"],"yoast_head":"<!-- This site is optimized with the Yoast SEO plugin v23.4 - https:\/\/yoast.com\/wordpress\/plugins\/seo\/ -->\n<title>Wandern im So\u010da-Tal - Entdecken und genie\u00dfen - Socaholidays<\/title>\n<meta name=\"description\" content=\"Wandern im Soca-Tal bietet Ihnen faszinierende Sehensw\u00fcrdigkeiten. Viele verschiedene Wanderwege und Aussichten f\u00fcr Ihren perfekten Aufenthalt im Soca-Tal.\" \/>\n<meta name=\"robots\" content=\"index, follow, max-snippet:-1, max-image-preview:large, max-video-preview:-1\" \/>\n<link rel=\"canonical\" href=\"https:\/\/www.socaholidays.com\/de\/sehenswuerdigkeiten-und-unternehmungen\/wandern\/\" \/>\n<meta property=\"og:locale\" content=\"de_DE\" \/>\n<meta property=\"og:type\" content=\"article\" \/>\n<meta property=\"og:title\" content=\"Wandern im So\u010da-Tal - Entdecken und genie\u00dfen - Socaholidays\" \/>\n<meta property=\"og:description\" content=\"Wandern im Soca-Tal bietet Ihnen faszinierende Sehensw\u00fcrdigkeiten. Viele verschiedene Wanderwege und Aussichten f\u00fcr Ihren perfekten Aufenthalt im Soca-Tal.\" \/>\n<meta property=\"og:url\" content=\"https:\/\/www.socaholidays.com\/de\/sehenswuerdigkeiten-und-unternehmungen\/wandern\/\" \/>\n<meta property=\"og:site_name\" content=\"SocaHolidays\" \/>\n<meta property=\"article:publisher\" content=\"https:\/\/www.facebook.com\/rentals.eduard\/\" \/>\n<meta property=\"article:modified_time\" content=\"2025-07-28T14:16:44+00:00\" \/>\n<meta property=\"og:image\" content=\"https:\/\/www.socaholidays.com\/wp-content\/uploads\/2015\/09\/logo1_web_transp.png\" \/>\n\t<meta property=\"og:image:width\" content=\"146\" \/>\n\t<meta property=\"og:image:height\" content=\"60\" \/>\n\t<meta property=\"og:image:type\" content=\"image\/png\" \/>\n<meta name=\"twitter:card\" content=\"summary_large_image\" \/>\n<meta name=\"twitter:label1\" content=\"Gesch\u00e4tzte Lesezeit\" \/>\n\t<meta name=\"twitter:data1\" content=\"2\u00a0Minuten\" \/>\n<script type=\"application\/ld+json\" class=\"yoast-schema-graph\">{\"@context\":\"https:\/\/schema.org\",\"@graph\":[{\"@type\":\"WebPage\",\"@id\":\"https:\/\/www.socaholidays.com\/de\/sehenswuerdigkeiten-und-unternehmungen\/wandern\/\",\"url\":\"https:\/\/www.socaholidays.com\/de\/sehenswuerdigkeiten-und-unternehmungen\/wandern\/\",\"name\":\"Wandern im So\u010da-Tal - Entdecken und genie\u00dfen - Socaholidays\",\"isPartOf\":{\"@id\":\"https:\/\/www.socaholidays.com\/de\/#website\"},\"datePublished\":\"2022-11-07T09:51:13+00:00\",\"dateModified\":\"2025-07-28T14:16:44+00:00\",\"description\":\"Wandern im Soca-Tal bietet Ihnen faszinierende Sehensw\u00fcrdigkeiten. Viele verschiedene Wanderwege und Aussichten f\u00fcr Ihren perfekten Aufenthalt im Soca-Tal.\",\"breadcrumb\":{\"@id\":\"https:\/\/www.socaholidays.com\/de\/sehenswuerdigkeiten-und-unternehmungen\/wandern\/#breadcrumb\"},\"inLanguage\":\"de\",\"potentialAction\":[{\"@type\":\"ReadAction\",\"target\":[\"https:\/\/www.socaholidays.com\/de\/sehenswuerdigkeiten-und-unternehmungen\/wandern\/\"]}]},{\"@type\":\"BreadcrumbList\",\"@id\":\"https:\/\/www.socaholidays.com\/de\/sehenswuerdigkeiten-und-unternehmungen\/wandern\/#breadcrumb\",\"itemListElement\":[{\"@type\":\"ListItem\",\"position\":1,\"name\":\"Domov\",\"item\":\"https:\/\/www.socaholidays.com\/de\/\"},{\"@type\":\"ListItem\",\"position\":2,\"name\":\"Aktivit\u00e4ten\",\"item\":\"https:\/\/www.socaholidays.com\/de\/sehenswuerdigkeiten-und-unternehmungen\/\"},{\"@type\":\"ListItem\",\"position\":3,\"name\":\"Wandern\"}]},{\"@type\":\"WebSite\",\"@id\":\"https:\/\/www.socaholidays.com\/de\/#website\",\"url\":\"https:\/\/www.socaholidays.com\/de\/\",\"name\":\"Socaholidays\",\"description\":\"Ihr Traumurlaub im So\u010da-Tal!\",\"publisher\":{\"@id\":\"https:\/\/www.socaholidays.com\/de\/#organization\"},\"potentialAction\":[{\"@type\":\"SearchAction\",\"target\":{\"@type\":\"EntryPoint\",\"urlTemplate\":\"https:\/\/www.socaholidays.com\/de\/?s={search_term_string}\"},\"query-input\":{\"@type\":\"PropertyValueSpecification\",\"valueRequired\":true,\"valueName\":\"search_term_string\"}}],\"inLanguage\":\"de\"},{\"@type\":\"Organization\",\"@id\":\"https:\/\/www.socaholidays.com\/de\/#organization\",\"name\":\"Socaholidays\",\"url\":\"https:\/\/www.socaholidays.com\/de\/\",\"logo\":{\"@type\":\"ImageObject\",\"inLanguage\":\"de\",\"@id\":\"https:\/\/www.socaholidays.com\/de\/#\/schema\/logo\/image\/\",\"url\":\"https:\/\/www.socaholidays.com\/wp-content\/uploads\/2015\/09\/logo1_68_transp.png\",\"contentUrl\":\"https:\/\/www.socaholidays.com\/wp-content\/uploads\/2015\/09\/logo1_68_transp.png\",\"width\":166,\"height\":68,\"caption\":\"Socaholidays\"},\"image\":{\"@id\":\"https:\/\/www.socaholidays.com\/de\/#\/schema\/logo\/image\/\"},\"sameAs\":[\"https:\/\/www.facebook.com\/rentals.eduard\/\",\"https:\/\/www.instagram.com\/soca_holidays\/\"]}]}<\/script>\n<!-- \/ Yoast SEO plugin. -->","yoast_head_json":{"title":"Wandern im So\u010da-Tal - Entdecken und genie\u00dfen - Socaholidays","description":"Wandern im Soca-Tal bietet Ihnen faszinierende Sehensw\u00fcrdigkeiten. Viele verschiedene Wanderwege und Aussichten f\u00fcr Ihren perfekten Aufenthalt im Soca-Tal.","robots":{"index":"index","follow":"follow","max-snippet":"max-snippet:-1","max-image-preview":"max-image-preview:large","max-video-preview":"max-video-preview:-1"},"canonical":"https:\/\/www.socaholidays.com\/de\/sehenswuerdigkeiten-und-unternehmungen\/wandern\/","og_locale":"de_DE","og_type":"article","og_title":"Wandern im So\u010da-Tal - Entdecken und genie\u00dfen - Socaholidays","og_description":"Wandern im Soca-Tal bietet Ihnen faszinierende Sehensw\u00fcrdigkeiten. Viele verschiedene Wanderwege und Aussichten f\u00fcr Ihren perfekten Aufenthalt im Soca-Tal.","og_url":"https:\/\/www.socaholidays.com\/de\/sehenswuerdigkeiten-und-unternehmungen\/wandern\/","og_site_name":"SocaHolidays","article_publisher":"https:\/\/www.facebook.com\/rentals.eduard\/","article_modified_time":"2025-07-28T14:16:44+00:00","og_image":[{"width":146,"height":60,"url":"https:\/\/www.socaholidays.com\/wp-content\/uploads\/2015\/09\/logo1_web_transp.png","type":"image\/png"}],"twitter_card":"summary_large_image","twitter_misc":{"Gesch\u00e4tzte Lesezeit":"2\u00a0Minuten"},"schema":{"@context":"https:\/\/schema.org","@graph":[{"@type":"WebPage","@id":"https:\/\/www.socaholidays.com\/de\/sehenswuerdigkeiten-und-unternehmungen\/wandern\/","url":"https:\/\/www.socaholidays.com\/de\/sehenswuerdigkeiten-und-unternehmungen\/wandern\/","name":"Wandern im So\u010da-Tal - Entdecken und genie\u00dfen - Socaholidays","isPartOf":{"@id":"https:\/\/www.socaholidays.com\/de\/#website"},"datePublished":"2022-11-07T09:51:13+00:00","dateModified":"2025-07-28T14:16:44+00:00","description":"Wandern im Soca-Tal bietet Ihnen faszinierende Sehensw\u00fcrdigkeiten. Viele verschiedene Wanderwege und Aussichten f\u00fcr Ihren perfekten Aufenthalt im Soca-Tal.","breadcrumb":{"@id":"https:\/\/www.socaholidays.com\/de\/sehenswuerdigkeiten-und-unternehmungen\/wandern\/#breadcrumb"},"inLanguage":"de","potentialAction":[{"@type":"ReadAction","target":["https:\/\/www.socaholidays.com\/de\/sehenswuerdigkeiten-und-unternehmungen\/wandern\/"]}]},{"@type":"BreadcrumbList","@id":"https:\/\/www.socaholidays.com\/de\/sehenswuerdigkeiten-und-unternehmungen\/wandern\/#breadcrumb","itemListElement":[{"@type":"ListItem","position":1,"name":"Domov","item":"https:\/\/www.socaholidays.com\/de\/"},{"@type":"ListItem","position":2,"name":"Aktivit\u00e4ten","item":"https:\/\/www.socaholidays.com\/de\/sehenswuerdigkeiten-und-unternehmungen\/"},{"@type":"ListItem","position":3,"name":"Wandern"}]},{"@type":"WebSite","@id":"https:\/\/www.socaholidays.com\/de\/#website","url":"https:\/\/www.socaholidays.com\/de\/","name":"Socaholidays","description":"Ihr Traumurlaub im So\u010da-Tal!","publisher":{"@id":"https:\/\/www.socaholidays.com\/de\/#organization"},"potentialAction":[{"@type":"SearchAction","target":{"@type":"EntryPoint","urlTemplate":"https:\/\/www.socaholidays.com\/de\/?s={search_term_string}"},"query-input":{"@type":"PropertyValueSpecification","valueRequired":true,"valueName":"search_term_string"}}],"inLanguage":"de"},{"@type":"Organization","@id":"https:\/\/www.socaholidays.com\/de\/#organization","name":"Socaholidays","url":"https:\/\/www.socaholidays.com\/de\/","logo":{"@type":"ImageObject","inLanguage":"de","@id":"https:\/\/www.socaholidays.com\/de\/#\/schema\/logo\/image\/","url":"https:\/\/www.socaholidays.com\/wp-content\/uploads\/2015\/09\/logo1_68_transp.png","contentUrl":"https:\/\/www.socaholidays.com\/wp-content\/uploads\/2015\/09\/logo1_68_transp.png","width":166,"height":68,"caption":"Socaholidays"},"image":{"@id":"https:\/\/www.socaholidays.com\/de\/#\/schema\/logo\/image\/"},"sameAs":["https:\/\/www.facebook.com\/rentals.eduard\/","https:\/\/www.instagram.com\/soca_holidays\/"]}]}},"_links":{"self":[{"href":"https:\/\/www.socaholidays.com\/de\/wp-json\/wp\/v2\/pages\/7940","targetHints":{"allow":["GET"]}}],"collection":[{"href":"https:\/\/www.socaholidays.com\/de\/wp-json\/wp\/v2\/pages"}],"about":[{"href":"https:\/\/www.socaholidays.com\/de\/wp-json\/wp\/v2\/types\/page"}],"author":[{"embeddable":true,"href":"https:\/\/www.socaholidays.com\/de\/wp-json\/wp\/v2\/users\/1"}],"replies":[{"embeddable":true,"href":"https:\/\/www.socaholidays.com\/de\/wp-json\/wp\/v2\/comments?post=7940"}],"version-history":[{"count":5,"href":"https:\/\/www.socaholidays.com\/de\/wp-json\/wp\/v2\/pages\/7940\/revisions"}],"predecessor-version":[{"id":9648,"href":"https:\/\/www.socaholidays.com\/de\/wp-json\/wp\/v2\/pages\/7940\/revisions\/9648"}],"up":[{"embeddable":true,"href":"https:\/\/www.socaholidays.com\/de\/wp-json\/wp\/v2\/pages\/7908"}],"wp:attachment":[{"href":"https:\/\/www.socaholidays.com\/de\/wp-json\/wp\/v2\/media?parent=7940"}],"curies":[{"name":"wp","href":"https:\/\/api.w.org\/{rel}","templated":true}]}}