{"id":7936,"date":"2022-11-07T11:09:27","date_gmt":"2022-11-07T10:09:27","guid":{"rendered":"https:\/\/www.socaholidays.com\/sehenswuerdigkeiten-und-unternehmungen\/fliegenfischen\/"},"modified":"2024-10-10T15:48:22","modified_gmt":"2024-10-10T13:48:22","slug":"fliegenfischen","status":"publish","type":"page","link":"https:\/\/www.socaholidays.com\/de\/sehenswuerdigkeiten-und-unternehmungen\/fliegenfischen\/","title":{"rendered":"Fliegenfischen"},"content":{"rendered":"\t\t<div data-elementor-type=\"wp-page\" data-elementor-id=\"7936\" class=\"elementor elementor-7936 elementor-3695\">\n\t\t\t\t\t\t<section class=\"elementor-section elementor-top-section elementor-element elementor-element-41fba4ce elementor-section-boxed elementor-section-height-default elementor-section-height-default\" data-id=\"41fba4ce\" data-element_type=\"section\">\n\t\t\t\t\t\t<div class=\"elementor-container elementor-column-gap-default\">\n\t\t\t\t\t<div class=\"elementor-column elementor-col-100 elementor-top-column elementor-element elementor-element-46092e72\" data-id=\"46092e72\" data-element_type=\"column\">\n\t\t\t<div class=\"elementor-widget-wrap elementor-element-populated\">\n\t\t\t\t\t\t<div class=\"elementor-element elementor-element-e288600 elementor-widget elementor-widget-text-editor\" data-id=\"e288600\" data-element_type=\"widget\" data-widget_type=\"text-editor.default\">\n\t\t\t\t<div class=\"elementor-widget-container\">\n\t\t\t<style>\/*! elementor - v3.20.0 - 10-04-2024 *\/\n.elementor-widget-text-editor.elementor-drop-cap-view-stacked .elementor-drop-cap{background-color:#69727d;color:#fff}.elementor-widget-text-editor.elementor-drop-cap-view-framed .elementor-drop-cap{color:#69727d;border:3px solid;background-color:transparent}.elementor-widget-text-editor:not(.elementor-drop-cap-view-default) .elementor-drop-cap{margin-top:8px}.elementor-widget-text-editor:not(.elementor-drop-cap-view-default) .elementor-drop-cap-letter{width:1em;height:1em}.elementor-widget-text-editor .elementor-drop-cap{float:left;text-align:center;line-height:1;font-size:50px}.elementor-widget-text-editor .elementor-drop-cap-letter{display:inline-block}<\/style>\t\t\t\t<p>Kobarid, Tolmin und Most na So\u010di sind Orte, die durch den smaragdgr\u00fcnen So\u010da-Fluss verbunden sind, einen der sch\u00f6nsten Fl\u00fcsse Europas. Neben dem So\u010da-Fluss umfasst das Tal auch die Fl\u00fcsse Nadi\u017ea, Idrijca und Tolminka, die zusammen mehr als 138 km an Angel Str\u00f6men bieten. In diesen kristallklaren Gew\u00e4ssern lebt die So\u010da-Forelle (Marmorata-Forelle), die gr\u00f6\u00dfte Forelle der Welt.<\/p>\n<p>\nMit einer entwickelten Infrastruktur, einschlie\u00dflich zahlreicher Zuchtanlagen, ist diese Region eines der besten Fliegenfischgebiete in Europa. F\u00fcr weitere Informationen besuchen Sie die Webseite des Angel Clubs: Ribi\u0161ka dru\u017eina Tolmin.<\/p>\n\t\t\t\t\t\t<\/div>\n\t\t\t\t<\/div>\n\t\t\t\t<div class=\"elementor-element elementor-element-e3ff928 elementor-widget elementor-widget-video\" data-id=\"e3ff928\" data-element_type=\"widget\" data-settings=\"{&quot;youtube_url&quot;:&quot;https:\\\/\\\/youtu.be\\\/lkVxmQJAyOg&quot;,&quot;video_type&quot;:&quot;youtube&quot;,&quot;controls&quot;:&quot;yes&quot;}\" data-widget_type=\"video.default\">\n\t\t\t\t<div class=\"elementor-widget-container\">\n\t\t\t<style>\/*! elementor - v3.20.0 - 10-04-2024 *\/\n.elementor-widget-video .elementor-widget-container{overflow:hidden;transform:translateZ(0)}.elementor-widget-video .elementor-wrapper{aspect-ratio:var(--video-aspect-ratio)}.elementor-widget-video .elementor-wrapper iframe,.elementor-widget-video .elementor-wrapper video{height:100%;width:100%;display:flex;border:none;background-color:#000}@supports not (aspect-ratio:1\/1){.elementor-widget-video .elementor-wrapper{position:relative;overflow:hidden;height:0;padding-bottom:calc(100% \/ var(--video-aspect-ratio))}.elementor-widget-video .elementor-wrapper iframe,.elementor-widget-video .elementor-wrapper video{position:absolute;top:0;right:0;bottom:0;left:0}}.elementor-widget-video .elementor-open-inline .elementor-custom-embed-image-overlay{position:absolute;top:0;right:0;bottom:0;left:0;background-size:cover;background-position:50%}.elementor-widget-video .elementor-custom-embed-image-overlay{cursor:pointer;text-align:center}.elementor-widget-video .elementor-custom-embed-image-overlay:hover .elementor-custom-embed-play i{opacity:1}.elementor-widget-video .elementor-custom-embed-image-overlay img{display:block;width:100%;aspect-ratio:var(--video-aspect-ratio);-o-object-fit:cover;object-fit:cover;-o-object-position:center center;object-position:center center}@supports not (aspect-ratio:1\/1){.elementor-widget-video .elementor-custom-embed-image-overlay{position:relative;overflow:hidden;height:0;padding-bottom:calc(100% \/ var(--video-aspect-ratio))}.elementor-widget-video .elementor-custom-embed-image-overlay img{position:absolute;top:0;right:0;bottom:0;left:0}}.elementor-widget-video .e-hosted-video .elementor-video{-o-object-fit:cover;object-fit:cover}.e-con-inner>.elementor-widget-video,.e-con>.elementor-widget-video{width:var(--container-widget-width);--flex-grow:var(--container-widget-flex-grow)}<\/style>\t\t<div class=\"elementor-wrapper elementor-open-inline\">\n\t\t\t<div class=\"elementor-video\"><\/div>\t\t<\/div>\n\t\t\t\t<\/div>\n\t\t\t\t<\/div>\n\t\t\t\t<div class=\"elementor-element elementor-element-e758496 elementor-widget elementor-widget-video\" data-id=\"e758496\" data-element_type=\"widget\" data-settings=\"{&quot;youtube_url&quot;:&quot;https:\\\/\\\/youtu.be\\\/r0n3dC121uk&quot;,&quot;video_type&quot;:&quot;youtube&quot;,&quot;controls&quot;:&quot;yes&quot;}\" data-widget_type=\"video.default\">\n\t\t\t\t<div class=\"elementor-widget-container\">\n\t\t\t\t\t<div class=\"elementor-wrapper elementor-open-inline\">\n\t\t\t<div class=\"elementor-video\"><\/div>\t\t<\/div>\n\t\t\t\t<\/div>\n\t\t\t\t<\/div>\n\t\t\t\t<div class=\"elementor-element elementor-element-fd116c6 elementor-widget elementor-widget-video\" data-id=\"fd116c6\" data-element_type=\"widget\" data-settings=\"{&quot;youtube_url&quot;:&quot;https:\\\/\\\/youtu.be\\\/4x9T_yLRtnk&quot;,&quot;video_type&quot;:&quot;youtube&quot;,&quot;controls&quot;:&quot;yes&quot;}\" data-widget_type=\"video.default\">\n\t\t\t\t<div class=\"elementor-widget-container\">\n\t\t\t\t\t<div class=\"elementor-wrapper elementor-open-inline\">\n\t\t\t<div class=\"elementor-video\"><\/div>\t\t<\/div>\n\t\t\t\t<\/div>\n\t\t\t\t<\/div>\n\t\t\t\t<div class=\"elementor-element elementor-element-2611c1e elementor-widget elementor-widget-video\" data-id=\"2611c1e\" data-element_type=\"widget\" data-settings=\"{&quot;youtube_url&quot;:&quot;https:\\\/\\\/youtu.be\\\/N3ZSMJ42LLE&quot;,&quot;video_type&quot;:&quot;youtube&quot;,&quot;controls&quot;:&quot;yes&quot;}\" data-widget_type=\"video.default\">\n\t\t\t\t<div class=\"elementor-widget-container\">\n\t\t\t\t\t<div class=\"elementor-wrapper elementor-open-inline\">\n\t\t\t<div class=\"elementor-video\"><\/div>\t\t<\/div>\n\t\t\t\t<\/div>\n\t\t\t\t<\/div>\n\t\t\t\t<div class=\"elementor-element elementor-element-a3ff34f elementor-widget thim-widget-gallery-images\" data-id=\"a3ff34f\" data-element_type=\"widget\" data-widget_type=\"thim-gallery-image.default\">\n\t\t\t\t<div class=\"elementor-widget-container\">\n\t\t\t<div class=\"thim-gallery-images owl-carousel gallery-img\"><div class=\"item\"><img fetchpriority=\"high\" src =\"https:\/\/www.socaholidays.com\/wp-content\/uploads\/2019\/10\/Ribolov_Lepena_David-Stulc-Zornik-1536x1024.webp\" width=\"1536\" height=\"1024\" alt= \"Fliegenfischen\" \/><\/div><div class=\"item\"><img src =\"https:\/\/www.socaholidays.com\/wp-content\/uploads\/2019\/10\/Reka_Soca_-_Soca_-_Dan_Briski-1536x1536.webp\" width=\"1536\" height=\"1536\" alt= \"Fliegenfischen\" \/><\/div><div class=\"item\"><img src =\"https:\/\/www.socaholidays.com\/wp-content\/uploads\/2019\/10\/Nadi__a_Jost_Gantar-1536x1536.webp\" width=\"1536\" height=\"1536\" alt= \"Fliegenfischen\" \/><\/div><div class=\"item\"><img loading=\"lazy\" src =\"https:\/\/www.socaholidays.com\/wp-content\/uploads\/2019\/10\/Juliana-Trail-Dolina-So__e-Tolminska-korita-foto-michael-matti-1536x1000.webp\" width=\"1536\" height=\"1000\" alt= \"Fliegenfischen\" \/><\/div><\/div>\t\t<\/div>\n\t\t\t\t<\/div>\n\t\t\t\t\t<\/div>\n\t\t<\/div>\n\t\t\t\t\t<\/div>\n\t\t<\/section>\n\t\t\t\t<\/div>\n\t\t","protected":false},"excerpt":{"rendered":"<p>Kobarid, Tolmin und Most na So\u010di sind Orte, die durch den smaragdgr\u00fcnen So\u010da-Fluss verbunden sind, einen der sch\u00f6nsten Fl\u00fcsse Europas. Neben dem So\u010da-Fluss umfasst das Tal auch die Fl\u00fcsse Nadi\u017ea, Idrijca und Tolminka, die zusammen mehr als 138 km an Angel Str\u00f6men bieten. In diesen kristallklaren Gew\u00e4ssern lebt die So\u010da-Forelle (Marmorata-Forelle), die gr\u00f6\u00dfte Forelle der <\/p>\n","protected":false},"author":1,"featured_media":0,"parent":7908,"menu_order":0,"comment_status":"closed","ping_status":"closed","template":"","meta":{"_monsterinsights_skip_tracking":false,"_monsterinsights_sitenote_active":false,"_monsterinsights_sitenote_note":"","_monsterinsights_sitenote_category":0,"footnotes":""},"class_list":["post-7936","page","type-page","status-publish","hentry"],"yoast_head":"<!-- This site is optimized with the Yoast SEO plugin v23.4 - https:\/\/yoast.com\/wordpress\/plugins\/seo\/ -->\n<title>Fliegenfischen im Soca Tal - SocaHolidays<\/title>\n<meta name=\"description\" content=\"Mit einer ausgebauten Infrastruktur geh\u00f6rt diese Region zu den besten Fliegenfischergebieten Europas. Socaholidays.\" \/>\n<meta name=\"robots\" content=\"index, follow, max-snippet:-1, max-image-preview:large, max-video-preview:-1\" \/>\n<link rel=\"canonical\" href=\"https:\/\/www.socaholidays.com\/de\/sehenswuerdigkeiten-und-unternehmungen\/fliegenfischen\/\" \/>\n<meta property=\"og:locale\" content=\"de_DE\" \/>\n<meta property=\"og:type\" content=\"article\" \/>\n<meta property=\"og:title\" content=\"Fliegenfischen im Soca Tal - SocaHolidays\" \/>\n<meta property=\"og:description\" content=\"Mit einer ausgebauten Infrastruktur geh\u00f6rt diese Region zu den besten Fliegenfischergebieten Europas. Socaholidays.\" \/>\n<meta property=\"og:url\" content=\"https:\/\/www.socaholidays.com\/de\/sehenswuerdigkeiten-und-unternehmungen\/fliegenfischen\/\" \/>\n<meta property=\"og:site_name\" content=\"SocaHolidays\" \/>\n<meta property=\"article:publisher\" content=\"https:\/\/www.facebook.com\/rentals.eduard\/\" \/>\n<meta property=\"article:modified_time\" content=\"2024-10-10T13:48:22+00:00\" \/>\n<meta property=\"og:image\" content=\"https:\/\/www.socaholidays.com\/wp-content\/uploads\/2019\/10\/Ribolov_Lepena_David-Stulc-Zornik-1536x1024.webp\" \/>\n<meta name=\"twitter:card\" content=\"summary_large_image\" \/>\n<meta name=\"twitter:label1\" content=\"Gesch\u00e4tzte Lesezeit\" \/>\n\t<meta name=\"twitter:data1\" content=\"2\u00a0Minuten\" \/>\n<script type=\"application\/ld+json\" class=\"yoast-schema-graph\">{\"@context\":\"https:\/\/schema.org\",\"@graph\":[{\"@type\":\"WebPage\",\"@id\":\"https:\/\/www.socaholidays.com\/de\/sehenswuerdigkeiten-und-unternehmungen\/fliegenfischen\/\",\"url\":\"https:\/\/www.socaholidays.com\/de\/sehenswuerdigkeiten-und-unternehmungen\/fliegenfischen\/\",\"name\":\"Fliegenfischen im Soca Tal - SocaHolidays\",\"isPartOf\":{\"@id\":\"https:\/\/www.socaholidays.com\/de\/#website\"},\"primaryImageOfPage\":{\"@id\":\"https:\/\/www.socaholidays.com\/de\/sehenswuerdigkeiten-und-unternehmungen\/fliegenfischen\/#primaryimage\"},\"image\":{\"@id\":\"https:\/\/www.socaholidays.com\/de\/sehenswuerdigkeiten-und-unternehmungen\/fliegenfischen\/#primaryimage\"},\"thumbnailUrl\":\"https:\/\/www.socaholidays.com\/wp-content\/uploads\/2019\/10\/Ribolov_Lepena_David-Stulc-Zornik-1536x1024.webp\",\"datePublished\":\"2022-11-07T10:09:27+00:00\",\"dateModified\":\"2024-10-10T13:48:22+00:00\",\"description\":\"Mit einer ausgebauten Infrastruktur geh\u00f6rt diese Region zu den besten Fliegenfischergebieten Europas. Socaholidays.\",\"breadcrumb\":{\"@id\":\"https:\/\/www.socaholidays.com\/de\/sehenswuerdigkeiten-und-unternehmungen\/fliegenfischen\/#breadcrumb\"},\"inLanguage\":\"de\",\"potentialAction\":[{\"@type\":\"ReadAction\",\"target\":[\"https:\/\/www.socaholidays.com\/de\/sehenswuerdigkeiten-und-unternehmungen\/fliegenfischen\/\"]}]},{\"@type\":\"ImageObject\",\"inLanguage\":\"de\",\"@id\":\"https:\/\/www.socaholidays.com\/de\/sehenswuerdigkeiten-und-unternehmungen\/fliegenfischen\/#primaryimage\",\"url\":\"https:\/\/www.socaholidays.com\/wp-content\/uploads\/2019\/10\/Ribolov_Lepena_David-Stulc-Zornik-1536x1024.webp\",\"contentUrl\":\"https:\/\/www.socaholidays.com\/wp-content\/uploads\/2019\/10\/Ribolov_Lepena_David-Stulc-Zornik-1536x1024.webp\"},{\"@type\":\"BreadcrumbList\",\"@id\":\"https:\/\/www.socaholidays.com\/de\/sehenswuerdigkeiten-und-unternehmungen\/fliegenfischen\/#breadcrumb\",\"itemListElement\":[{\"@type\":\"ListItem\",\"position\":1,\"name\":\"Domov\",\"item\":\"https:\/\/www.socaholidays.com\/de\/\"},{\"@type\":\"ListItem\",\"position\":2,\"name\":\"Aktivit\u00e4ten\",\"item\":\"https:\/\/www.socaholidays.com\/de\/sehenswuerdigkeiten-und-unternehmungen\/\"},{\"@type\":\"ListItem\",\"position\":3,\"name\":\"Fliegenfischen\"}]},{\"@type\":\"WebSite\",\"@id\":\"https:\/\/www.socaholidays.com\/de\/#website\",\"url\":\"https:\/\/www.socaholidays.com\/de\/\",\"name\":\"Socaholidays\",\"description\":\"Ihr Traumurlaub im So\u010da-Tal!\",\"publisher\":{\"@id\":\"https:\/\/www.socaholidays.com\/de\/#organization\"},\"potentialAction\":[{\"@type\":\"SearchAction\",\"target\":{\"@type\":\"EntryPoint\",\"urlTemplate\":\"https:\/\/www.socaholidays.com\/de\/?s={search_term_string}\"},\"query-input\":{\"@type\":\"PropertyValueSpecification\",\"valueRequired\":true,\"valueName\":\"search_term_string\"}}],\"inLanguage\":\"de\"},{\"@type\":\"Organization\",\"@id\":\"https:\/\/www.socaholidays.com\/de\/#organization\",\"name\":\"Socaholidays\",\"url\":\"https:\/\/www.socaholidays.com\/de\/\",\"logo\":{\"@type\":\"ImageObject\",\"inLanguage\":\"de\",\"@id\":\"https:\/\/www.socaholidays.com\/de\/#\/schema\/logo\/image\/\",\"url\":\"https:\/\/www.socaholidays.com\/wp-content\/uploads\/2015\/09\/logo1_68_transp.png\",\"contentUrl\":\"https:\/\/www.socaholidays.com\/wp-content\/uploads\/2015\/09\/logo1_68_transp.png\",\"width\":166,\"height\":68,\"caption\":\"Socaholidays\"},\"image\":{\"@id\":\"https:\/\/www.socaholidays.com\/de\/#\/schema\/logo\/image\/\"},\"sameAs\":[\"https:\/\/www.facebook.com\/rentals.eduard\/\",\"https:\/\/www.instagram.com\/soca_holidays\/\"]}]}<\/script>\n<!-- \/ Yoast SEO plugin. -->","yoast_head_json":{"title":"Fliegenfischen im Soca Tal - SocaHolidays","description":"Mit einer ausgebauten Infrastruktur geh\u00f6rt diese Region zu den besten Fliegenfischergebieten Europas. Socaholidays.","robots":{"index":"index","follow":"follow","max-snippet":"max-snippet:-1","max-image-preview":"max-image-preview:large","max-video-preview":"max-video-preview:-1"},"canonical":"https:\/\/www.socaholidays.com\/de\/sehenswuerdigkeiten-und-unternehmungen\/fliegenfischen\/","og_locale":"de_DE","og_type":"article","og_title":"Fliegenfischen im Soca Tal - SocaHolidays","og_description":"Mit einer ausgebauten Infrastruktur geh\u00f6rt diese Region zu den besten Fliegenfischergebieten Europas. Socaholidays.","og_url":"https:\/\/www.socaholidays.com\/de\/sehenswuerdigkeiten-und-unternehmungen\/fliegenfischen\/","og_site_name":"SocaHolidays","article_publisher":"https:\/\/www.facebook.com\/rentals.eduard\/","article_modified_time":"2024-10-10T13:48:22+00:00","og_image":[{"url":"https:\/\/www.socaholidays.com\/wp-content\/uploads\/2019\/10\/Ribolov_Lepena_David-Stulc-Zornik-1536x1024.webp"}],"twitter_card":"summary_large_image","twitter_misc":{"Gesch\u00e4tzte Lesezeit":"2\u00a0Minuten"},"schema":{"@context":"https:\/\/schema.org","@graph":[{"@type":"WebPage","@id":"https:\/\/www.socaholidays.com\/de\/sehenswuerdigkeiten-und-unternehmungen\/fliegenfischen\/","url":"https:\/\/www.socaholidays.com\/de\/sehenswuerdigkeiten-und-unternehmungen\/fliegenfischen\/","name":"Fliegenfischen im Soca Tal - SocaHolidays","isPartOf":{"@id":"https:\/\/www.socaholidays.com\/de\/#website"},"primaryImageOfPage":{"@id":"https:\/\/www.socaholidays.com\/de\/sehenswuerdigkeiten-und-unternehmungen\/fliegenfischen\/#primaryimage"},"image":{"@id":"https:\/\/www.socaholidays.com\/de\/sehenswuerdigkeiten-und-unternehmungen\/fliegenfischen\/#primaryimage"},"thumbnailUrl":"https:\/\/www.socaholidays.com\/wp-content\/uploads\/2019\/10\/Ribolov_Lepena_David-Stulc-Zornik-1536x1024.webp","datePublished":"2022-11-07T10:09:27+00:00","dateModified":"2024-10-10T13:48:22+00:00","description":"Mit einer ausgebauten Infrastruktur geh\u00f6rt diese Region zu den besten Fliegenfischergebieten Europas. Socaholidays.","breadcrumb":{"@id":"https:\/\/www.socaholidays.com\/de\/sehenswuerdigkeiten-und-unternehmungen\/fliegenfischen\/#breadcrumb"},"inLanguage":"de","potentialAction":[{"@type":"ReadAction","target":["https:\/\/www.socaholidays.com\/de\/sehenswuerdigkeiten-und-unternehmungen\/fliegenfischen\/"]}]},{"@type":"ImageObject","inLanguage":"de","@id":"https:\/\/www.socaholidays.com\/de\/sehenswuerdigkeiten-und-unternehmungen\/fliegenfischen\/#primaryimage","url":"https:\/\/www.socaholidays.com\/wp-content\/uploads\/2019\/10\/Ribolov_Lepena_David-Stulc-Zornik-1536x1024.webp","contentUrl":"https:\/\/www.socaholidays.com\/wp-content\/uploads\/2019\/10\/Ribolov_Lepena_David-Stulc-Zornik-1536x1024.webp"},{"@type":"BreadcrumbList","@id":"https:\/\/www.socaholidays.com\/de\/sehenswuerdigkeiten-und-unternehmungen\/fliegenfischen\/#breadcrumb","itemListElement":[{"@type":"ListItem","position":1,"name":"Domov","item":"https:\/\/www.socaholidays.com\/de\/"},{"@type":"ListItem","position":2,"name":"Aktivit\u00e4ten","item":"https:\/\/www.socaholidays.com\/de\/sehenswuerdigkeiten-und-unternehmungen\/"},{"@type":"ListItem","position":3,"name":"Fliegenfischen"}]},{"@type":"WebSite","@id":"https:\/\/www.socaholidays.com\/de\/#website","url":"https:\/\/www.socaholidays.com\/de\/","name":"Socaholidays","description":"Ihr Traumurlaub im So\u010da-Tal!","publisher":{"@id":"https:\/\/www.socaholidays.com\/de\/#organization"},"potentialAction":[{"@type":"SearchAction","target":{"@type":"EntryPoint","urlTemplate":"https:\/\/www.socaholidays.com\/de\/?s={search_term_string}"},"query-input":{"@type":"PropertyValueSpecification","valueRequired":true,"valueName":"search_term_string"}}],"inLanguage":"de"},{"@type":"Organization","@id":"https:\/\/www.socaholidays.com\/de\/#organization","name":"Socaholidays","url":"https:\/\/www.socaholidays.com\/de\/","logo":{"@type":"ImageObject","inLanguage":"de","@id":"https:\/\/www.socaholidays.com\/de\/#\/schema\/logo\/image\/","url":"https:\/\/www.socaholidays.com\/wp-content\/uploads\/2015\/09\/logo1_68_transp.png","contentUrl":"https:\/\/www.socaholidays.com\/wp-content\/uploads\/2015\/09\/logo1_68_transp.png","width":166,"height":68,"caption":"Socaholidays"},"image":{"@id":"https:\/\/www.socaholidays.com\/de\/#\/schema\/logo\/image\/"},"sameAs":["https:\/\/www.facebook.com\/rentals.eduard\/","https:\/\/www.instagram.com\/soca_holidays\/"]}]}},"_links":{"self":[{"href":"https:\/\/www.socaholidays.com\/de\/wp-json\/wp\/v2\/pages\/7936","targetHints":{"allow":["GET"]}}],"collection":[{"href":"https:\/\/www.socaholidays.com\/de\/wp-json\/wp\/v2\/pages"}],"about":[{"href":"https:\/\/www.socaholidays.com\/de\/wp-json\/wp\/v2\/types\/page"}],"author":[{"embeddable":true,"href":"https:\/\/www.socaholidays.com\/de\/wp-json\/wp\/v2\/users\/1"}],"replies":[{"embeddable":true,"href":"https:\/\/www.socaholidays.com\/de\/wp-json\/wp\/v2\/comments?post=7936"}],"version-history":[{"count":2,"href":"https:\/\/www.socaholidays.com\/de\/wp-json\/wp\/v2\/pages\/7936\/revisions"}],"predecessor-version":[{"id":8354,"href":"https:\/\/www.socaholidays.com\/de\/wp-json\/wp\/v2\/pages\/7936\/revisions\/8354"}],"up":[{"embeddable":true,"href":"https:\/\/www.socaholidays.com\/de\/wp-json\/wp\/v2\/pages\/7908"}],"wp:attachment":[{"href":"https:\/\/www.socaholidays.com\/de\/wp-json\/wp\/v2\/media?parent=7936"}],"curies":[{"name":"wp","href":"https:\/\/api.w.org\/{rel}","templated":true}]}}