{"id":7918,"date":"2022-11-07T11:46:10","date_gmt":"2022-11-07T10:46:10","guid":{"rendered":"https:\/\/www.socaholidays.com\/sehenswuerdigkeiten-und-unternehmungen\/kultur-und-geschichte\/"},"modified":"2025-07-28T16:15:46","modified_gmt":"2025-07-28T14:15:46","slug":"kultur-und-geschichte","status":"publish","type":"page","link":"https:\/\/www.socaholidays.com\/de\/sehenswuerdigkeiten-und-unternehmungen\/kultur-und-geschichte\/","title":{"rendered":"Kultur und Geschichte"},"content":{"rendered":"\t\t<div data-elementor-type=\"wp-page\" data-elementor-id=\"7918\" class=\"elementor elementor-7918 elementor-3757\">\n\t\t\t\t\t\t<section class=\"elementor-section elementor-top-section elementor-element elementor-element-41fba4ce elementor-section-boxed elementor-section-height-default elementor-section-height-default\" data-id=\"41fba4ce\" data-element_type=\"section\">\n\t\t\t\t\t\t<div class=\"elementor-container elementor-column-gap-default\">\n\t\t\t\t\t<div class=\"elementor-column elementor-col-100 elementor-top-column elementor-element elementor-element-46092e72\" data-id=\"46092e72\" data-element_type=\"column\">\n\t\t\t<div class=\"elementor-widget-wrap elementor-element-populated\">\n\t\t\t\t\t\t<div class=\"elementor-element elementor-element-e288600 elementor-widget elementor-widget-text-editor\" data-id=\"e288600\" data-element_type=\"widget\" data-widget_type=\"text-editor.default\">\n\t\t\t\t<div class=\"elementor-widget-container\">\n\t\t\t<style>\/*! elementor - v3.20.0 - 10-04-2024 *\/\n.elementor-widget-text-editor.elementor-drop-cap-view-stacked .elementor-drop-cap{background-color:#69727d;color:#fff}.elementor-widget-text-editor.elementor-drop-cap-view-framed .elementor-drop-cap{color:#69727d;border:3px solid;background-color:transparent}.elementor-widget-text-editor:not(.elementor-drop-cap-view-default) .elementor-drop-cap{margin-top:8px}.elementor-widget-text-editor:not(.elementor-drop-cap-view-default) .elementor-drop-cap-letter{width:1em;height:1em}.elementor-widget-text-editor .elementor-drop-cap{float:left;text-align:center;line-height:1;font-size:50px}.elementor-widget-text-editor .elementor-drop-cap-letter{display:inline-block}<\/style>\t\t\t\t<p>Im So\u010da-Tal und der Umgebung gibt es viele Orte mit historischer Bedeutung aus verschiedenen Epochen \u2013 \u00dcberreste, die \u00e4lter als 6000 Jahre sind, aus dem Mittelalter sowie aus der Zeit des Ersten Weltkriegs.<\/p>\n<p>Zu den bekanntesten und meistbesuchten Sehensw\u00fcrdigkeiten z\u00e4hlen Javorca, eine Kirche aus dem Ersten Weltkrieg, die italienische Kriegsgr\u00e4berst\u00e4tte in Kobarid, die deutsche Kriegsgr\u00e4berst\u00e4tte in Tolmin, das Freilichtmuseum aus dem Ersten Weltkrieg auf dem Kolovrat, das Hallstatt-Haus in Most na So\u010di, das Freilichtmuseum in Mengore und die Toncov-Burg bei Kobarid, wo sich \u00dcberreste von Siedlungen aus der Kupferzeit befinden.<\/p>\n<p>Im So\u010da-Tal gibt es zwei bekannte Museen: das Tolmin Museum und das Museum des Ersten Weltkriegs in Kobarid. F\u00fcr weitere Informationen k\u00f6nnen Sie sich auch an das lokale Tourismusb\u00fcro in Tolmin und Kobarid wenden, wir beraten Sie gerne.<\/p>\n\t\t\t\t\t\t<\/div>\n\t\t\t\t<\/div>\n\t\t\t\t<div class=\"elementor-element elementor-element-b321de0 elementor-widget elementor-widget-text-editor\" data-id=\"b321de0\" data-element_type=\"widget\" data-widget_type=\"text-editor.default\">\n\t\t\t\t<div class=\"elementor-widget-container\">\n\t\t\t\t\t\t\t<hr \/>\n<p>Erleben Sie das So\u010da-Tal von seiner sch\u00f6nsten Seite mit sorgf\u00e4ltig ausgew\u00e4hlten Aktivit\u00e4ten qualifizierter lokaler Anbieter \u2013 garantiert zum besten Preis.<\/p>\n<p>W\u00e4hlen Sie Ihren Wunschtag und buchen Sie Ihre Aktivit\u00e4t. Bei Fragen oder Fragen kontaktieren Sie uns gerne.<\/p>\n\t\t\t\t\t\t<\/div>\n\t\t\t\t<\/div>\n\t\t\t\t<div class=\"elementor-element elementor-element-e9814e3 elementor-widget elementor-widget-html\" data-id=\"e9814e3\" data-element_type=\"widget\" data-widget_type=\"html.default\">\n\t\t\t\t<div class=\"elementor-widget-container\">\n\t\t\t<script type=\"text\/javascript\" src=\"\/\/dolinasoce.manage.eu1.bookingplatform.app\/lib\/interface--0.js\"><\/script><!-- CHECKFRONT BOOKING PLUGIN v25--><div id=\"CHECKFRONT_WIDGET_01\"><p id=\"CHECKFRONT_LOADER\" style=\"background: url('\/\/dolinasoce.manage.eu1.bookingplatform.app\/images\/loader.gif') left center no-repeat; padding: 5px 5px 5px 20px\">Searching Availability...<\/p><\/div><script>new DROPLET.Widget ({host: 'dolinasoce.manage.eu1.bookingplatform.app',target: 'CHECKFRONT_WIDGET_01',item_id: '800,5621,854',category_id: '2',partner_id: '1328',options: 'tabs,hidesearch',provider: 'droplet'}).render();<\/script><noscript><a href=\"https:\/\/dolinasoce.manage.eu1.bookingplatform.app\/reserve\/\" style=\"font-size: 16px\">Continue to Secure Booking System &raquo;<\/a><\/noscript>\t\t<\/div>\n\t\t\t\t<\/div>\n\t\t\t\t<div class=\"elementor-element elementor-element-f865fbb elementor-widget elementor-widget-video\" data-id=\"f865fbb\" data-element_type=\"widget\" data-settings=\"{&quot;youtube_url&quot;:&quot;https:\\\/\\\/youtu.be\\\/2d2Jv8f906Q&quot;,&quot;video_type&quot;:&quot;youtube&quot;,&quot;controls&quot;:&quot;yes&quot;}\" data-widget_type=\"video.default\">\n\t\t\t\t<div class=\"elementor-widget-container\">\n\t\t\t<style>\/*! elementor - v3.20.0 - 10-04-2024 *\/\n.elementor-widget-video .elementor-widget-container{overflow:hidden;transform:translateZ(0)}.elementor-widget-video .elementor-wrapper{aspect-ratio:var(--video-aspect-ratio)}.elementor-widget-video .elementor-wrapper iframe,.elementor-widget-video .elementor-wrapper video{height:100%;width:100%;display:flex;border:none;background-color:#000}@supports not (aspect-ratio:1\/1){.elementor-widget-video .elementor-wrapper{position:relative;overflow:hidden;height:0;padding-bottom:calc(100% \/ var(--video-aspect-ratio))}.elementor-widget-video .elementor-wrapper iframe,.elementor-widget-video .elementor-wrapper video{position:absolute;top:0;right:0;bottom:0;left:0}}.elementor-widget-video .elementor-open-inline .elementor-custom-embed-image-overlay{position:absolute;top:0;right:0;bottom:0;left:0;background-size:cover;background-position:50%}.elementor-widget-video .elementor-custom-embed-image-overlay{cursor:pointer;text-align:center}.elementor-widget-video .elementor-custom-embed-image-overlay:hover .elementor-custom-embed-play i{opacity:1}.elementor-widget-video .elementor-custom-embed-image-overlay img{display:block;width:100%;aspect-ratio:var(--video-aspect-ratio);-o-object-fit:cover;object-fit:cover;-o-object-position:center center;object-position:center center}@supports not (aspect-ratio:1\/1){.elementor-widget-video .elementor-custom-embed-image-overlay{position:relative;overflow:hidden;height:0;padding-bottom:calc(100% \/ var(--video-aspect-ratio))}.elementor-widget-video .elementor-custom-embed-image-overlay img{position:absolute;top:0;right:0;bottom:0;left:0}}.elementor-widget-video .e-hosted-video .elementor-video{-o-object-fit:cover;object-fit:cover}.e-con-inner>.elementor-widget-video,.e-con>.elementor-widget-video{width:var(--container-widget-width);--flex-grow:var(--container-widget-flex-grow)}<\/style>\t\t<div class=\"elementor-wrapper elementor-open-inline\">\n\t\t\t<div class=\"elementor-video\"><\/div>\t\t<\/div>\n\t\t\t\t<\/div>\n\t\t\t\t<\/div>\n\t\t\t\t<div class=\"elementor-element elementor-element-17735d0 elementor-widget elementor-widget-video\" data-id=\"17735d0\" data-element_type=\"widget\" data-settings=\"{&quot;youtube_url&quot;:&quot;https:\\\/\\\/youtu.be\\\/7FeUYKrE05c&quot;,&quot;video_type&quot;:&quot;youtube&quot;,&quot;controls&quot;:&quot;yes&quot;}\" data-widget_type=\"video.default\">\n\t\t\t\t<div class=\"elementor-widget-container\">\n\t\t\t\t\t<div class=\"elementor-wrapper elementor-open-inline\">\n\t\t\t<div class=\"elementor-video\"><\/div>\t\t<\/div>\n\t\t\t\t<\/div>\n\t\t\t\t<\/div>\n\t\t\t\t<div class=\"elementor-element elementor-element-8be7c81 elementor-widget elementor-widget-video\" data-id=\"8be7c81\" data-element_type=\"widget\" data-settings=\"{&quot;youtube_url&quot;:&quot;https:\\\/\\\/youtu.be\\\/Db_jZa6XsPM&quot;,&quot;video_type&quot;:&quot;youtube&quot;,&quot;controls&quot;:&quot;yes&quot;}\" data-widget_type=\"video.default\">\n\t\t\t\t<div class=\"elementor-widget-container\">\n\t\t\t\t\t<div class=\"elementor-wrapper elementor-open-inline\">\n\t\t\t<div class=\"elementor-video\"><\/div>\t\t<\/div>\n\t\t\t\t<\/div>\n\t\t\t\t<\/div>\n\t\t\t\t<div class=\"elementor-element elementor-element-a3ff34f elementor-widget thim-widget-gallery-images\" data-id=\"a3ff34f\" data-element_type=\"widget\" data-widget_type=\"thim-gallery-image.default\">\n\t\t\t\t<div class=\"elementor-widget-container\">\n\t\t\t<div class=\"thim-gallery-images owl-carousel gallery-img\"><div class=\"item\"><img fetchpriority=\"high\" src =\"https:\/\/www.socaholidays.com\/wp-content\/uploads\/2019\/10\/Javorca-Gorazd_Kutin-1536x1536.webp\" width=\"1536\" height=\"1536\" alt= \"Kultur und Geschichte\" \/><\/div><div class=\"item\"><img src =\"https:\/\/www.socaholidays.com\/wp-content\/uploads\/2019\/10\/Mirko_Kurin__i___-_Sr__an___ivulovi___-_Bobo__muzeji_in_zbirke_-1536x864.webp\" width=\"1536\" height=\"864\" alt= \"Kultur und Geschichte\" \/><\/div><div class=\"item\"><img src =\"https:\/\/www.socaholidays.com\/wp-content\/uploads\/2019\/10\/Ale___Zde__ar_-_Dom_Trenta__dedi____ina_-1536x1536.webp\" width=\"1536\" height=\"1536\" alt= \"Kultur und Geschichte\" \/><\/div><div class=\"item\"><img loading=\"lazy\" src =\"https:\/\/www.socaholidays.com\/wp-content\/uploads\/2019\/10\/Pohodnistvo_Kolovrat_Jost_Gantar-1536x1024.webp\" width=\"1536\" height=\"1024\" alt= \"Kultur und Geschichte\" \/><\/div><div class=\"item\"><img loading=\"lazy\" src =\"https:\/\/www.socaholidays.com\/wp-content\/uploads\/2019\/10\/spomenik_Log_pod_Mangrtom__David_Stulc_Zornik__spomeniki_in_utrdbe_-1536x864.webp\" width=\"1536\" height=\"864\" alt= \"Kultur und Geschichte\" \/><\/div><div class=\"item\"><img loading=\"lazy\" src =\"https:\/\/www.socaholidays.com\/wp-content\/uploads\/2019\/10\/Cerkev_svetega_Duha_na_Javorci__Tolmin__Tomo_Jeseni__nik__kultura__urejena-1536x864.webp\" width=\"1536\" height=\"864\" alt= \"Kultur und Geschichte\" \/><\/div><div class=\"item\"><img loading=\"lazy\" src =\"https:\/\/www.socaholidays.com\/wp-content\/uploads\/2019\/10\/Kolovrat__Jure_Batagelj-arhiv_Fundacije_Poti_miru__muzeji_na_prostem_-1536x864.webp\" width=\"1536\" height=\"864\" alt= \"Kultur und Geschichte\" \/><\/div><div class=\"item\"><img loading=\"lazy\" src =\"https:\/\/www.socaholidays.com\/wp-content\/uploads\/2019\/10\/mengorew-1536x1150.webp\" width=\"1536\" height=\"1150\" alt= \"Kultur und Geschichte\" \/><\/div><div class=\"item\"><img loading=\"lazy\" src =\"https:\/\/www.socaholidays.com\/wp-content\/uploads\/2019\/10\/trentarska_hi__a__David_Stulc_Zornik__arhitekturne_posebnosti_-1536x864.webp\" width=\"1536\" height=\"864\" alt= \"Kultur und Geschichte\" \/><\/div><div class=\"item\"><img loading=\"lazy\" src =\"https:\/\/www.socaholidays.com\/wp-content\/uploads\/2019\/10\/Kanal_ob_So__i_Jost_Gantar__7___botanika_in_parki_-1536x864.webp\" width=\"1536\" height=\"864\" alt= \"Kultur und Geschichte\" \/><\/div><\/div>\t\t<\/div>\n\t\t\t\t<\/div>\n\t\t\t\t\t<\/div>\n\t\t<\/div>\n\t\t\t\t\t<\/div>\n\t\t<\/section>\n\t\t\t\t<\/div>\n\t\t","protected":false},"excerpt":{"rendered":"<p>Im So\u010da-Tal und der Umgebung gibt es viele Orte mit historischer Bedeutung aus verschiedenen Epochen \u2013 \u00dcberreste, die \u00e4lter als 6000 Jahre sind, aus dem Mittelalter sowie aus der Zeit des Ersten Weltkriegs.<br \/>\nZu den bekanntesten und meistbesuchten Sehensw\u00fcrdigkeiten z\u00e4hlen Javorca, eine Kirche aus dem Ersten Weltkrieg, die italienische Kriegsgr\u00e4berst\u00e4tte in Kobarid, die deutsche Kriegsgr\u00e4berst\u00e4tte <\/p>\n","protected":false},"author":1,"featured_media":0,"parent":7908,"menu_order":0,"comment_status":"closed","ping_status":"closed","template":"","meta":{"_monsterinsights_skip_tracking":false,"_monsterinsights_sitenote_active":false,"_monsterinsights_sitenote_note":"","_monsterinsights_sitenote_category":0,"footnotes":""},"class_list":["post-7918","page","type-page","status-publish","hentry"],"yoast_head":"<!-- This site is optimized with the Yoast SEO plugin v23.4 - https:\/\/yoast.com\/wordpress\/plugins\/seo\/ -->\n<title>Kultur und Geschichte im Soca-Tal - Socaholidays<\/title>\n<meta name=\"description\" content=\"Im Soca-Tal und seiner Umgebung gibt es viele Orte mit kulturellem und historischem Wert aus der Zeit vor \u00fcber 6.000 Jahren.\" \/>\n<meta name=\"robots\" content=\"index, follow, max-snippet:-1, max-image-preview:large, max-video-preview:-1\" \/>\n<link rel=\"canonical\" href=\"https:\/\/www.socaholidays.com\/de\/sehenswuerdigkeiten-und-unternehmungen\/kultur-und-geschichte\/\" \/>\n<meta property=\"og:locale\" content=\"de_DE\" \/>\n<meta property=\"og:type\" content=\"article\" \/>\n<meta property=\"og:title\" content=\"Kultur und Geschichte im Soca-Tal - Socaholidays\" \/>\n<meta property=\"og:description\" content=\"Im Soca-Tal und seiner Umgebung gibt es viele Orte mit kulturellem und historischem Wert aus der Zeit vor \u00fcber 6.000 Jahren.\" \/>\n<meta property=\"og:url\" content=\"https:\/\/www.socaholidays.com\/de\/sehenswuerdigkeiten-und-unternehmungen\/kultur-und-geschichte\/\" \/>\n<meta property=\"og:site_name\" content=\"SocaHolidays\" \/>\n<meta property=\"article:publisher\" content=\"https:\/\/www.facebook.com\/rentals.eduard\/\" \/>\n<meta property=\"article:modified_time\" content=\"2025-07-28T14:15:46+00:00\" \/>\n<meta property=\"og:image\" content=\"https:\/\/www.socaholidays.com\/wp-content\/uploads\/2015\/09\/logo1_web_transp.png\" \/>\n\t<meta property=\"og:image:width\" content=\"146\" \/>\n\t<meta property=\"og:image:height\" content=\"60\" \/>\n\t<meta property=\"og:image:type\" content=\"image\/png\" \/>\n<meta name=\"twitter:card\" content=\"summary_large_image\" \/>\n<meta name=\"twitter:label1\" content=\"Gesch\u00e4tzte Lesezeit\" \/>\n\t<meta name=\"twitter:data1\" content=\"3\u00a0Minuten\" \/>\n<script type=\"application\/ld+json\" class=\"yoast-schema-graph\">{\"@context\":\"https:\/\/schema.org\",\"@graph\":[{\"@type\":\"WebPage\",\"@id\":\"https:\/\/www.socaholidays.com\/de\/sehenswuerdigkeiten-und-unternehmungen\/kultur-und-geschichte\/\",\"url\":\"https:\/\/www.socaholidays.com\/de\/sehenswuerdigkeiten-und-unternehmungen\/kultur-und-geschichte\/\",\"name\":\"Kultur und Geschichte im Soca-Tal - Socaholidays\",\"isPartOf\":{\"@id\":\"https:\/\/www.socaholidays.com\/de\/#website\"},\"datePublished\":\"2022-11-07T10:46:10+00:00\",\"dateModified\":\"2025-07-28T14:15:46+00:00\",\"description\":\"Im Soca-Tal und seiner Umgebung gibt es viele Orte mit kulturellem und historischem Wert aus der Zeit vor \u00fcber 6.000 Jahren.\",\"breadcrumb\":{\"@id\":\"https:\/\/www.socaholidays.com\/de\/sehenswuerdigkeiten-und-unternehmungen\/kultur-und-geschichte\/#breadcrumb\"},\"inLanguage\":\"de\",\"potentialAction\":[{\"@type\":\"ReadAction\",\"target\":[\"https:\/\/www.socaholidays.com\/de\/sehenswuerdigkeiten-und-unternehmungen\/kultur-und-geschichte\/\"]}]},{\"@type\":\"BreadcrumbList\",\"@id\":\"https:\/\/www.socaholidays.com\/de\/sehenswuerdigkeiten-und-unternehmungen\/kultur-und-geschichte\/#breadcrumb\",\"itemListElement\":[{\"@type\":\"ListItem\",\"position\":1,\"name\":\"Domov\",\"item\":\"https:\/\/www.socaholidays.com\/de\/\"},{\"@type\":\"ListItem\",\"position\":2,\"name\":\"Aktivit\u00e4ten\",\"item\":\"https:\/\/www.socaholidays.com\/de\/sehenswuerdigkeiten-und-unternehmungen\/\"},{\"@type\":\"ListItem\",\"position\":3,\"name\":\"Kultur und Geschichte\"}]},{\"@type\":\"WebSite\",\"@id\":\"https:\/\/www.socaholidays.com\/de\/#website\",\"url\":\"https:\/\/www.socaholidays.com\/de\/\",\"name\":\"Socaholidays\",\"description\":\"Ihr Traumurlaub im So\u010da-Tal!\",\"publisher\":{\"@id\":\"https:\/\/www.socaholidays.com\/de\/#organization\"},\"potentialAction\":[{\"@type\":\"SearchAction\",\"target\":{\"@type\":\"EntryPoint\",\"urlTemplate\":\"https:\/\/www.socaholidays.com\/de\/?s={search_term_string}\"},\"query-input\":{\"@type\":\"PropertyValueSpecification\",\"valueRequired\":true,\"valueName\":\"search_term_string\"}}],\"inLanguage\":\"de\"},{\"@type\":\"Organization\",\"@id\":\"https:\/\/www.socaholidays.com\/de\/#organization\",\"name\":\"Socaholidays\",\"url\":\"https:\/\/www.socaholidays.com\/de\/\",\"logo\":{\"@type\":\"ImageObject\",\"inLanguage\":\"de\",\"@id\":\"https:\/\/www.socaholidays.com\/de\/#\/schema\/logo\/image\/\",\"url\":\"https:\/\/www.socaholidays.com\/wp-content\/uploads\/2015\/09\/logo1_68_transp.png\",\"contentUrl\":\"https:\/\/www.socaholidays.com\/wp-content\/uploads\/2015\/09\/logo1_68_transp.png\",\"width\":166,\"height\":68,\"caption\":\"Socaholidays\"},\"image\":{\"@id\":\"https:\/\/www.socaholidays.com\/de\/#\/schema\/logo\/image\/\"},\"sameAs\":[\"https:\/\/www.facebook.com\/rentals.eduard\/\",\"https:\/\/www.instagram.com\/soca_holidays\/\"]}]}<\/script>\n<!-- \/ Yoast SEO plugin. -->","yoast_head_json":{"title":"Kultur und Geschichte im Soca-Tal - Socaholidays","description":"Im Soca-Tal und seiner Umgebung gibt es viele Orte mit kulturellem und historischem Wert aus der Zeit vor \u00fcber 6.000 Jahren.","robots":{"index":"index","follow":"follow","max-snippet":"max-snippet:-1","max-image-preview":"max-image-preview:large","max-video-preview":"max-video-preview:-1"},"canonical":"https:\/\/www.socaholidays.com\/de\/sehenswuerdigkeiten-und-unternehmungen\/kultur-und-geschichte\/","og_locale":"de_DE","og_type":"article","og_title":"Kultur und Geschichte im Soca-Tal - Socaholidays","og_description":"Im Soca-Tal und seiner Umgebung gibt es viele Orte mit kulturellem und historischem Wert aus der Zeit vor \u00fcber 6.000 Jahren.","og_url":"https:\/\/www.socaholidays.com\/de\/sehenswuerdigkeiten-und-unternehmungen\/kultur-und-geschichte\/","og_site_name":"SocaHolidays","article_publisher":"https:\/\/www.facebook.com\/rentals.eduard\/","article_modified_time":"2025-07-28T14:15:46+00:00","og_image":[{"width":146,"height":60,"url":"https:\/\/www.socaholidays.com\/wp-content\/uploads\/2015\/09\/logo1_web_transp.png","type":"image\/png"}],"twitter_card":"summary_large_image","twitter_misc":{"Gesch\u00e4tzte Lesezeit":"3\u00a0Minuten"},"schema":{"@context":"https:\/\/schema.org","@graph":[{"@type":"WebPage","@id":"https:\/\/www.socaholidays.com\/de\/sehenswuerdigkeiten-und-unternehmungen\/kultur-und-geschichte\/","url":"https:\/\/www.socaholidays.com\/de\/sehenswuerdigkeiten-und-unternehmungen\/kultur-und-geschichte\/","name":"Kultur und Geschichte im Soca-Tal - Socaholidays","isPartOf":{"@id":"https:\/\/www.socaholidays.com\/de\/#website"},"datePublished":"2022-11-07T10:46:10+00:00","dateModified":"2025-07-28T14:15:46+00:00","description":"Im Soca-Tal und seiner Umgebung gibt es viele Orte mit kulturellem und historischem Wert aus der Zeit vor \u00fcber 6.000 Jahren.","breadcrumb":{"@id":"https:\/\/www.socaholidays.com\/de\/sehenswuerdigkeiten-und-unternehmungen\/kultur-und-geschichte\/#breadcrumb"},"inLanguage":"de","potentialAction":[{"@type":"ReadAction","target":["https:\/\/www.socaholidays.com\/de\/sehenswuerdigkeiten-und-unternehmungen\/kultur-und-geschichte\/"]}]},{"@type":"BreadcrumbList","@id":"https:\/\/www.socaholidays.com\/de\/sehenswuerdigkeiten-und-unternehmungen\/kultur-und-geschichte\/#breadcrumb","itemListElement":[{"@type":"ListItem","position":1,"name":"Domov","item":"https:\/\/www.socaholidays.com\/de\/"},{"@type":"ListItem","position":2,"name":"Aktivit\u00e4ten","item":"https:\/\/www.socaholidays.com\/de\/sehenswuerdigkeiten-und-unternehmungen\/"},{"@type":"ListItem","position":3,"name":"Kultur und Geschichte"}]},{"@type":"WebSite","@id":"https:\/\/www.socaholidays.com\/de\/#website","url":"https:\/\/www.socaholidays.com\/de\/","name":"Socaholidays","description":"Ihr Traumurlaub im So\u010da-Tal!","publisher":{"@id":"https:\/\/www.socaholidays.com\/de\/#organization"},"potentialAction":[{"@type":"SearchAction","target":{"@type":"EntryPoint","urlTemplate":"https:\/\/www.socaholidays.com\/de\/?s={search_term_string}"},"query-input":{"@type":"PropertyValueSpecification","valueRequired":true,"valueName":"search_term_string"}}],"inLanguage":"de"},{"@type":"Organization","@id":"https:\/\/www.socaholidays.com\/de\/#organization","name":"Socaholidays","url":"https:\/\/www.socaholidays.com\/de\/","logo":{"@type":"ImageObject","inLanguage":"de","@id":"https:\/\/www.socaholidays.com\/de\/#\/schema\/logo\/image\/","url":"https:\/\/www.socaholidays.com\/wp-content\/uploads\/2015\/09\/logo1_68_transp.png","contentUrl":"https:\/\/www.socaholidays.com\/wp-content\/uploads\/2015\/09\/logo1_68_transp.png","width":166,"height":68,"caption":"Socaholidays"},"image":{"@id":"https:\/\/www.socaholidays.com\/de\/#\/schema\/logo\/image\/"},"sameAs":["https:\/\/www.facebook.com\/rentals.eduard\/","https:\/\/www.instagram.com\/soca_holidays\/"]}]}},"_links":{"self":[{"href":"https:\/\/www.socaholidays.com\/de\/wp-json\/wp\/v2\/pages\/7918","targetHints":{"allow":["GET"]}}],"collection":[{"href":"https:\/\/www.socaholidays.com\/de\/wp-json\/wp\/v2\/pages"}],"about":[{"href":"https:\/\/www.socaholidays.com\/de\/wp-json\/wp\/v2\/types\/page"}],"author":[{"embeddable":true,"href":"https:\/\/www.socaholidays.com\/de\/wp-json\/wp\/v2\/users\/1"}],"replies":[{"embeddable":true,"href":"https:\/\/www.socaholidays.com\/de\/wp-json\/wp\/v2\/comments?post=7918"}],"version-history":[{"count":8,"href":"https:\/\/www.socaholidays.com\/de\/wp-json\/wp\/v2\/pages\/7918\/revisions"}],"predecessor-version":[{"id":9645,"href":"https:\/\/www.socaholidays.com\/de\/wp-json\/wp\/v2\/pages\/7918\/revisions\/9645"}],"up":[{"embeddable":true,"href":"https:\/\/www.socaholidays.com\/de\/wp-json\/wp\/v2\/pages\/7908"}],"wp:attachment":[{"href":"https:\/\/www.socaholidays.com\/de\/wp-json\/wp\/v2\/media?parent=7918"}],"curies":[{"name":"wp","href":"https:\/\/api.w.org\/{rel}","templated":true}]}}